{"id":6425,"date":"2021-10-25T10:58:47","date_gmt":"2021-10-25T10:58:47","guid":{"rendered":"https:\/\/gesport.unizar.es\/?page_id=6425"},"modified":"2023-06-26T02:03:33","modified_gmt":"2023-06-26T02:03:33","slug":"database","status":"publish","type":"page","link":"https:\/\/gesport.unizar.es\/es\/database\/","title":{"rendered":"Base de datos: Las mujeres en las juntas directivas de las federaciones nacionales deportivas:  Espa\u00f1a, Italia, Portugal, Reino Unido, y Turqu\u00eda"},"content":{"rendered":"\n<div class=\"wp-block-file\"><a id=\"wp-block-file--media-0e8d4ac4-787a-44c7-8b58-910dd6c79dff\" href=\"https:\/\/gesport.unizar.es\/wp-content\/uploads\/2023\/06\/Database_GESPORT.xlsx\">Database_GESPORT<\/a><a href=\"https:\/\/gesport.unizar.es\/wp-content\/uploads\/2023\/06\/Database_GESPORT.xlsx\" class=\"wp-block-file__button\" download aria-describedby=\"wp-block-file--media-0e8d4ac4-787a-44c7-8b58-910dd6c79dff\">Descarga<\/a><\/div>\n\n\n\n<p>Para aumentar la comprensi\u00f3n del papel de las mujeres en el gobierno corporativo de las organizaciones deportivas en los pa\u00edses miembros del Proyecto GESPORT, recogimos datos sobre la participaci\u00f3n de las mujeres en las juntas directivas de las federaciones deportivas nacionales en el primer semestre de 2018 y en el primer trimestre de 2022<\/p>\n\n\n\n<p>Al construir la base y posteriormente contrastar los datos, observamos que en todos los pa\u00edses hab\u00eda informaci\u00f3n comparable sobre algunas variables como el a\u00f1o de creaci\u00f3n de la federaci\u00f3n, la composici\u00f3n de la junta directiva, el n\u00famero total de personas que componen las juntas, el n\u00famero y porcentaje de mujeres miembros, el g\u00e9nero del presidente\/a de la federaci\u00f3n, o el n\u00famero de cargos de vicepresidente\/a diferenciados por g\u00e9nero. Estas observaciones facilitaron el an\u00e1lisis de las federaciones nacionales deportivas de los cinco pa\u00edses en nuestra futura investigaci\u00f3n. Con esta informaci\u00f3n  escribimos dos art\u00edculos cient\u00edficos.<\/p>\n\n\n\n<p>La versi\u00f3n preprint de los dos art\u00edculos es de acceso abierto:<\/p>\n\n\n\n<h3 class=\"has-small-font-size\"><strong><strong>Mujeres presidentas en las juntas directivas de las federaciones nacionales deportivas europeas: Un estudio comparativo<\/strong>.<\/strong> DOI: 10.5281\/zenodo.6834672<\/h3>\n\n\n\n<div class=\"wp-container-1 wp-block-buttons\"><\/div>\n\n\n\n<h3 class=\"has-small-font-size\"><strong><strong>Un an\u00e1lisis transnacional de los efectos de los objetivos de g\u00e9nero en la diversidad de las juntas directivas de las federaciones nacionales deportivas<\/strong>.<\/strong> DOI: 10.5281\/zenodo.6851273<\/h3>\n","protected":false},"excerpt":{"rendered":"<p>Para aumentar la comprensi\u00f3n del papel de las mujeres en el gobierno corporativo de las organizaciones deportivas en los pa\u00edses miembros del Proyecto GESPORT, recogimos datos sobre la participaci\u00f3n de las mujeres en las juntas directivas de las federaciones deportivas nacionales en el primer semestre de 2018 y en el primer trimestre de 2022 Al &hellip;<\/p>\n<p class=\"read-more\"> <a class=\"\" href=\"https:\/\/gesport.unizar.es\/es\/database\/\"> <span class=\"screen-reader-text\">Base de datos: Las mujeres en las juntas directivas de las federaciones nacionales deportivas:  Espa\u00f1a, Italia, Portugal, Reino Unido, y Turqu\u00eda<\/span> Leer m\u00e1s &raquo;<\/a><\/p>\n","protected":false},"author":3,"featured_media":0,"parent":0,"menu_order":0,"comment_status":"closed","ping_status":"closed","template":"","meta":{"site-sidebar-layout":"default","site-content-layout":"default","ast-global-header-display":"","ast-main-header-display":"","ast-hfb-above-header-display":"","ast-hfb-below-header-display":"","ast-hfb-mobile-header-display":"","site-post-title":"","ast-breadcrumbs-content":"","ast-featured-img":"","footer-sml-layout":"","theme-transparent-header-meta":"default","adv-header-id-meta":"","stick-header-meta":"","header-above-stick-meta":"","header-main-stick-meta":"","header-below-stick-meta":""},"translation":{"provider":"WPGlobus","version":"2.10.4","language":"es","enabled_languages":["gb","es","tr","it","pt"],"languages":{"gb":{"title":true,"content":true,"excerpt":false},"es":{"title":true,"content":true,"excerpt":false},"tr":{"title":true,"content":true,"excerpt":false},"it":{"title":true,"content":true,"excerpt":false},"pt":{"title":true,"content":true,"excerpt":false}}},"yoast_head":"<!-- This site is optimized with the Yoast SEO plugin v19.7.1 - https:\/\/yoast.com\/wordpress\/plugins\/seo\/ -->\n<title>Base de datos: Las mujeres en las juntas directivas de las federaciones nacionales deportivas: Espa\u00f1a, Italia, Portugal, Reino Unido, y Turqu\u00eda  - GESPORT+ educa<\/title>\n<meta name=\"robots\" content=\"index, follow, max-snippet:-1, max-image-preview:large, max-video-preview:-1\" \/>\n<link rel=\"canonical\" href=\"https:\/\/gesport.unizar.es\/database\/\" \/>\n<meta property=\"og:locale\" content=\"es_ES\" \/>\n<meta property=\"og:type\" content=\"article\" \/>\n<meta property=\"og:title\" content=\"Base de datos: Las mujeres en las juntas directivas de las federaciones nacionales deportivas: Espa\u00f1a, Italia, Portugal, Reino Unido, y Turqu\u00eda  - GESPORT+ educa\" \/>\n<meta property=\"og:url\" content=\"https:\/\/gesport.unizar.es\/database\/\" \/>\n<meta property=\"og:site_name\" content=\"GESPORT+ educa\" \/>\n<meta property=\"article:modified_time\" content=\"2023-06-26T02:03:33+00:00\" \/>\n<meta name=\"twitter:card\" content=\"summary_large_image\" \/>\n<meta name=\"twitter:label1\" content=\"Tiempo de lectura\" \/>\n\t<meta name=\"twitter:data1\" content=\"2 minutos\" \/>\n<script type=\"application\/ld+json\" class=\"yoast-schema-graph\">{\"@context\":\"https:\/\/schema.org\",\"@graph\":[{\"@type\":\"WebPage\",\"@id\":\"https:\/\/gesport.unizar.es\/database\/\",\"url\":\"https:\/\/gesport.unizar.es\/database\/\",\"name\":\"Base de datos: Las mujeres en las juntas directivas de las federaciones nacionales deportivas: Espa\u00f1a, Italia, Portugal, Reino Unido, y Turqu\u00eda - GESPORT+ educa\",\"isPartOf\":{\"@id\":\"https:\/\/gesport.unizar.es\/#website\"},\"datePublished\":\"2021-10-25T10:58:47+00:00\",\"dateModified\":\"2023-06-26T02:03:33+00:00\",\"breadcrumb\":{\"@id\":\"https:\/\/gesport.unizar.es\/database\/#breadcrumb\"},\"inLanguage\":\"es\",\"potentialAction\":[{\"@type\":\"ReadAction\",\"target\":[\"https:\/\/gesport.unizar.es\/database\/\"]}]},{\"@type\":\"BreadcrumbList\",\"@id\":\"https:\/\/gesport.unizar.es\/database\/#breadcrumb\",\"itemListElement\":[{\"@type\":\"ListItem\",\"position\":1,\"name\":\"Portada\",\"item\":\"https:\/\/gesport.unizar.es\/\"},{\"@type\":\"ListItem\",\"position\":2,\"name\":\"Base de datos: Las mujeres en las juntas directivas de las federaciones nacionales deportivas: Espa\u00f1a, Italia, Portugal, Reino Unido, y Turqu\u00eda\"}]},{\"@type\":\"WebSite\",\"@id\":\"https:\/\/gesport.unizar.es\/#website\",\"url\":\"https:\/\/gesport.unizar.es\/\",\"name\":\"GESPORT+\",\"description\":\"GESPORT+ project website. GESPORT+ project seeks to strengthen equality between men and women in decision- making spaces in sports organizations such as the board of directors. \",\"publisher\":{\"@id\":\"https:\/\/gesport.unizar.es\/#organization\"},\"potentialAction\":[{\"@type\":\"SearchAction\",\"target\":{\"@type\":\"EntryPoint\",\"urlTemplate\":\"https:\/\/gesport.unizar.es\/?s={search_term_string}\"},\"query-input\":\"required name=search_term_string\"}],\"inLanguage\":\"es\"},{\"@type\":\"Organization\",\"@id\":\"https:\/\/gesport.unizar.es\/#organization\",\"name\":\"GESPORT Erasmus+\",\"url\":\"https:\/\/gesport.unizar.es\/\",\"sameAs\":[],\"logo\":{\"@type\":\"ImageObject\",\"inLanguage\":\"es\",\"@id\":\"https:\/\/gesport.unizar.es\/#\/schema\/logo\/image\/\",\"url\":\"http:\/\/gesport.unizar.es\/wp-content\/uploads\/2018\/12\/4.jpg\",\"contentUrl\":\"http:\/\/gesport.unizar.es\/wp-content\/uploads\/2018\/12\/4.jpg\",\"width\":400,\"height\":400,\"caption\":\"GESPORT Erasmus+\"},\"image\":{\"@id\":\"https:\/\/gesport.unizar.es\/#\/schema\/logo\/image\/\"}}]}<\/script>\n<!-- \/ Yoast SEO plugin. -->","yoast_head_json":{"title":"Base de datos: Las mujeres en las juntas directivas de las federaciones nacionales deportivas: Espa\u00f1a, Italia, Portugal, Reino Unido, y Turqu\u00eda  - GESPORT+ educa","robots":{"index":"index","follow":"follow","max-snippet":"max-snippet:-1","max-image-preview":"max-image-preview:large","max-video-preview":"max-video-preview:-1"},"canonical":"https:\/\/gesport.unizar.es\/database\/","og_locale":"es_ES","og_type":"article","og_title":"Base de datos: Las mujeres en las juntas directivas de las federaciones nacionales deportivas: Espa\u00f1a, Italia, Portugal, Reino Unido, y Turqu\u00eda  - GESPORT+ educa","og_url":"https:\/\/gesport.unizar.es\/database\/","og_site_name":"GESPORT+ educa","article_modified_time":"2023-06-26T02:03:33+00:00","twitter_card":"summary_large_image","twitter_misc":{"Tiempo de lectura":"2 minutos"},"schema":{"@context":"https:\/\/schema.org","@graph":[{"@type":"WebPage","@id":"https:\/\/gesport.unizar.es\/database\/","url":"https:\/\/gesport.unizar.es\/database\/","name":"Base de datos: Las mujeres en las juntas directivas de las federaciones nacionales deportivas: Espa\u00f1a, Italia, Portugal, Reino Unido, y Turqu\u00eda - GESPORT+ educa","isPartOf":{"@id":"https:\/\/gesport.unizar.es\/#website"},"datePublished":"2021-10-25T10:58:47+00:00","dateModified":"2023-06-26T02:03:33+00:00","breadcrumb":{"@id":"https:\/\/gesport.unizar.es\/database\/#breadcrumb"},"inLanguage":"es","potentialAction":[{"@type":"ReadAction","target":["https:\/\/gesport.unizar.es\/database\/"]}]},{"@type":"BreadcrumbList","@id":"https:\/\/gesport.unizar.es\/database\/#breadcrumb","itemListElement":[{"@type":"ListItem","position":1,"name":"Portada","item":"https:\/\/gesport.unizar.es\/"},{"@type":"ListItem","position":2,"name":"Base de datos: Las mujeres en las juntas directivas de las federaciones nacionales deportivas: Espa\u00f1a, Italia, Portugal, Reino Unido, y Turqu\u00eda"}]},{"@type":"WebSite","@id":"https:\/\/gesport.unizar.es\/#website","url":"https:\/\/gesport.unizar.es\/","name":"GESPORT+","description":"GESPORT+ project website. GESPORT+ project seeks to strengthen equality between men and women in decision- making spaces in sports organizations such as the board of directors. ","publisher":{"@id":"https:\/\/gesport.unizar.es\/#organization"},"potentialAction":[{"@type":"SearchAction","target":{"@type":"EntryPoint","urlTemplate":"https:\/\/gesport.unizar.es\/?s={search_term_string}"},"query-input":"required name=search_term_string"}],"inLanguage":"es"},{"@type":"Organization","@id":"https:\/\/gesport.unizar.es\/#organization","name":"GESPORT Erasmus+","url":"https:\/\/gesport.unizar.es\/","sameAs":[],"logo":{"@type":"ImageObject","inLanguage":"es","@id":"https:\/\/gesport.unizar.es\/#\/schema\/logo\/image\/","url":"http:\/\/gesport.unizar.es\/wp-content\/uploads\/2018\/12\/4.jpg","contentUrl":"http:\/\/gesport.unizar.es\/wp-content\/uploads\/2018\/12\/4.jpg","width":400,"height":400,"caption":"GESPORT Erasmus+"},"image":{"@id":"https:\/\/gesport.unizar.es\/#\/schema\/logo\/image\/"}}]}},"_links":{"self":[{"href":"https:\/\/gesport.unizar.es\/es\/wp-json\/wp\/v2\/pages\/6425"}],"collection":[{"href":"https:\/\/gesport.unizar.es\/es\/wp-json\/wp\/v2\/pages"}],"about":[{"href":"https:\/\/gesport.unizar.es\/es\/wp-json\/wp\/v2\/types\/page"}],"author":[{"embeddable":true,"href":"https:\/\/gesport.unizar.es\/es\/wp-json\/wp\/v2\/users\/3"}],"replies":[{"embeddable":true,"href":"https:\/\/gesport.unizar.es\/es\/wp-json\/wp\/v2\/comments?post=6425"}],"version-history":[{"count":82,"href":"https:\/\/gesport.unizar.es\/es\/wp-json\/wp\/v2\/pages\/6425\/revisions"}],"predecessor-version":[{"id":10945,"href":"https:\/\/gesport.unizar.es\/es\/wp-json\/wp\/v2\/pages\/6425\/revisions\/10945"}],"wp:attachment":[{"href":"https:\/\/gesport.unizar.es\/es\/wp-json\/wp\/v2\/media?parent=6425"}],"curies":[{"name":"wp","href":"https:\/\/api.w.org\/{rel}","templated":true}]}}