{"id":6422,"date":"2021-10-25T10:55:08","date_gmt":"2021-10-25T10:55:08","guid":{"rendered":"https:\/\/gesport.unizar.es\/?page_id=6422"},"modified":"2023-06-12T13:20:56","modified_gmt":"2023-06-12T13:20:56","slug":"book-corporate-governance-in-sport-organizations-a-gender-perspective-1o-ed","status":"publish","type":"page","link":"https:\/\/gesport.unizar.es\/es\/book-corporate-governance-in-sport-organizations-a-gender-perspective-1o-ed\/","title":{"rendered":"e-book: El gobierno corporativo en las organizaciones deportivas: una perspectiva de g\u00e9nero"},"content":{"rendered":"\n<figure class=\"wp-block-image size-full\"><img loading=\"lazy\" width=\"800\" height=\"726\" src=\"https:\/\/gesport.unizar.es\/wp-content\/uploads\/2019\/11\/book.jpg\" alt=\"\" class=\"wp-image-3207\" srcset=\"https:\/\/gesport.unizar.es\/wp-content\/uploads\/2019\/11\/book.jpg 800w, https:\/\/gesport.unizar.es\/wp-content\/uploads\/2019\/11\/book-300x272.jpg 300w, https:\/\/gesport.unizar.es\/wp-content\/uploads\/2019\/11\/book-768x697.jpg 768w\" sizes=\"(max-width: 800px) 100vw, 800px\" \/><\/figure>\n\n\n\n<p>El libro que lleva por t\u00edtulo \u201c<a href=\"https:\/\/zaguan.unizar.es\/record\/84009?ln=en#\">The Corporate governance in sport organizations: a gender perspective<\/a>\u201d (ISBN: 978-84-16723-80-52) pretende informar sobre el estado de la participaci\u00f3n femenina en los \u00f3rganos de gobierno de las federaciones nacionales deportivas en cada uno de los pa\u00edses que participan en el proyecto: Italia, Portugal, Espa\u00f1a, Turqu\u00eda y Reino Unido. En la fase inicial del proyecto, era importante enmarcar el contexto deportivo de los diferentes pa\u00edses, teniendo en cuenta la participaci\u00f3n de las mujeres en varios roles (por ejemplo, atleta, entrenadora, \u00e1rbitro y directora) y el nivel de apertura social y legal de cada pa\u00eds a la misma.<\/p>\n\n\n\n<p>Por lo tanto, cada cap\u00edtulo describe las condiciones pol\u00edticas, normativas y culturales relacionadas con el g\u00e9nero y el deporte en cada uno de los pa\u00edses participantes en el proyecto. Sin embargo, atendiendo a las especificidades de los contextos nacionales, cada cap\u00edtulo adopt\u00f3 una estructura diferente. Para redactar cada cap\u00edtulo, el equipo de GESPORT recurre a las bases de datos sobre el deporte elaboradas por las instituciones deportivas nacionales y a las investigaciones desarrolladas en cada pa\u00eds sobre la historia del deporte, la legislaci\u00f3n sobre g\u00e9nero y deporte, y la participaci\u00f3n de las mujeres en el gobierno de las empresas y en los \u00f3rganos de gobierno del deporte.<\/p>\n\n\n\n<p>Este resultado ha permitido comparar la realidad de la participaci\u00f3n de las mujeres en el deporte, es decir, en qu\u00e9 preocupaciones est\u00e1n presentes los \u00f3rganos de gobierno del deporte nacional en los cinco pa\u00edses considerados en el proyecto. Esta comparaci\u00f3n da una idea de los pa\u00edses que ya han tomado iniciativas pol\u00edticas y legislativas para promover la igualdad de g\u00e9nero en lo que respecta a los puestos de liderazgo en el deporte, mediante la adopci\u00f3n de c\u00f3digos y leyes, y de los pa\u00edses que no avanzan considerablemente en esta materia.<\/p>\n\n\n\n<p>El libro puede descargarse del repositorio <a href=\"https:\/\/zaguan.unizar.es\/record\/84009?ln=en\">ZAGUAN<\/a> de la Universidad de Zaragoza<\/p>\n\n\n\n<div class=\"wp-container-1 wp-block-buttons\">\n<div class=\"wp-block-button\"><a class=\"wp-block-button__link\" href=\"https:\/\/zaguan.unizar.es\/record\/84009?ln=en#\">Descargar<\/a><\/div>\n<\/div>\n\n\n\n<p>Estas noticias de prensa est\u00e1n relacionadas con el libro:<\/p>\n\n\n\n<p>&#8220;<a href=\"https:\/\/gesport.unizar.es\/united-kingdom-and-spain-have-more-women-in-the-direction-of-sports-federations\/\">Reino Unido y Espa\u00f1a tienen m\u00e1s mujeres en la direcci\u00f3n de federaciones deportivas<\/a>&#8221; (Isabel Mu\u00f1oz, <em>Diario de Teruel<\/em>, 13 de agosto; 2018).<\/p>\n\n\n\n<p>&#8220;<a href=\"https:\/\/gesport.unizar.es\/the-gesport-project-publishes-in-march-a-book-about-women-and-sports-institutions\/\">El proyecto Gesport publica en marzo un libro sobre mujeres e instituciones deportivas<\/a>&#8221; (Isabel Mu\u00f1oz, <em>Diario de Teruel<\/em>, 21 de febrero; 2019).<\/p>\n\n\n\n<p>&#8220;<a href=\"https:\/\/gesport.unizar.es\/borrador-automatico\/\">La participaci\u00f3n de las mujeres en los \u00f3rganos de gobierno del \u00e1mbito deportivo es baja<\/a>&#8221; (Isabel Mu\u00f1oz, Diario de Teruel, 2 de noviembre; 2019).<\/p>\n\n\n\n<figure class=\"wp-block-image size-full\"><img loading=\"lazy\" width=\"3504\" height=\"5035\" src=\"https:\/\/gesport.unizar.es\/wp-content\/uploads\/2022\/09\/color-explain-cmyk-01.jpg\" alt=\"\" class=\"wp-image-8862\"\/><figcaption>Dise\u00f1adora del libro: Elena Gil (2019)<\/figcaption><\/figure>\n","protected":false},"excerpt":{"rendered":"<p>El libro que lleva por t\u00edtulo \u201cThe Corporate governance in sport organizations: a gender perspective\u201d (ISBN: 978-84-16723-80-52) pretende informar sobre el estado de la participaci\u00f3n femenina en los \u00f3rganos de gobierno de las federaciones nacionales deportivas en cada uno de los pa\u00edses que participan en el proyecto: Italia, Portugal, Espa\u00f1a, Turqu\u00eda y Reino Unido. En &hellip;<\/p>\n<p class=\"read-more\"> <a class=\"\" href=\"https:\/\/gesport.unizar.es\/es\/book-corporate-governance-in-sport-organizations-a-gender-perspective-1o-ed\/\"> <span class=\"screen-reader-text\">e-book: El gobierno corporativo en las organizaciones deportivas: una perspectiva de g\u00e9nero<\/span> Leer m\u00e1s &raquo;<\/a><\/p>\n","protected":false},"author":3,"featured_media":0,"parent":0,"menu_order":0,"comment_status":"closed","ping_status":"closed","template":"","meta":{"site-sidebar-layout":"default","site-content-layout":"default","ast-global-header-display":"","ast-main-header-display":"","ast-hfb-above-header-display":"","ast-hfb-below-header-display":"","ast-hfb-mobile-header-display":"","site-post-title":"","ast-breadcrumbs-content":"","ast-featured-img":"","footer-sml-layout":"","theme-transparent-header-meta":"default","adv-header-id-meta":"","stick-header-meta":"","header-above-stick-meta":"","header-main-stick-meta":"","header-below-stick-meta":""},"translation":{"provider":"WPGlobus","version":"2.10.4","language":"es","enabled_languages":["gb","es","tr","it","pt"],"languages":{"gb":{"title":true,"content":true,"excerpt":false},"es":{"title":true,"content":true,"excerpt":false},"tr":{"title":true,"content":true,"excerpt":false},"it":{"title":true,"content":true,"excerpt":false},"pt":{"title":true,"content":true,"excerpt":false}}},"yoast_head":"<!-- This site is optimized with the Yoast SEO plugin v19.7.1 - https:\/\/yoast.com\/wordpress\/plugins\/seo\/ -->\n<title>e-book: El gobierno corporativo en las organizaciones deportivas: una perspectiva de g\u00e9nero - GESPORT+ educa<\/title>\n<meta name=\"robots\" content=\"index, follow, max-snippet:-1, max-image-preview:large, max-video-preview:-1\" \/>\n<link rel=\"canonical\" href=\"https:\/\/gesport.unizar.es\/book-corporate-governance-in-sport-organizations-a-gender-perspective-1o-ed\/\" \/>\n<meta property=\"og:locale\" content=\"es_ES\" \/>\n<meta property=\"og:type\" content=\"article\" \/>\n<meta property=\"og:title\" content=\"e-book: El gobierno corporativo en las organizaciones deportivas: una perspectiva de g\u00e9nero - GESPORT+ educa\" \/>\n<meta property=\"og:url\" content=\"https:\/\/gesport.unizar.es\/book-corporate-governance-in-sport-organizations-a-gender-perspective-1o-ed\/\" \/>\n<meta property=\"og:site_name\" content=\"GESPORT+ educa\" \/>\n<meta property=\"article:modified_time\" content=\"2023-06-12T13:20:56+00:00\" \/>\n<meta property=\"og:image\" content=\"https:\/\/gesport.unizar.es\/wp-content\/uploads\/2019\/11\/book.jpg\" \/>\n<meta name=\"twitter:card\" content=\"summary_large_image\" \/>\n<meta name=\"twitter:label1\" content=\"Tiempo de lectura\" \/>\n\t<meta name=\"twitter:data1\" content=\"3 minutos\" \/>\n<script type=\"application\/ld+json\" class=\"yoast-schema-graph\">{\"@context\":\"https:\/\/schema.org\",\"@graph\":[{\"@type\":\"WebPage\",\"@id\":\"https:\/\/gesport.unizar.es\/book-corporate-governance-in-sport-organizations-a-gender-perspective-1o-ed\/\",\"url\":\"https:\/\/gesport.unizar.es\/book-corporate-governance-in-sport-organizations-a-gender-perspective-1o-ed\/\",\"name\":\"e-book: El gobierno corporativo en las organizaciones deportivas: una perspectiva de g\u00e9nero - GESPORT+ educa\",\"isPartOf\":{\"@id\":\"https:\/\/gesport.unizar.es\/#website\"},\"datePublished\":\"2021-10-25T10:55:08+00:00\",\"dateModified\":\"2023-06-12T13:20:56+00:00\",\"breadcrumb\":{\"@id\":\"https:\/\/gesport.unizar.es\/book-corporate-governance-in-sport-organizations-a-gender-perspective-1o-ed\/#breadcrumb\"},\"inLanguage\":\"es\",\"potentialAction\":[{\"@type\":\"ReadAction\",\"target\":[\"https:\/\/gesport.unizar.es\/book-corporate-governance-in-sport-organizations-a-gender-perspective-1o-ed\/\"]}]},{\"@type\":\"BreadcrumbList\",\"@id\":\"https:\/\/gesport.unizar.es\/book-corporate-governance-in-sport-organizations-a-gender-perspective-1o-ed\/#breadcrumb\",\"itemListElement\":[{\"@type\":\"ListItem\",\"position\":1,\"name\":\"Portada\",\"item\":\"https:\/\/gesport.unizar.es\/\"},{\"@type\":\"ListItem\",\"position\":2,\"name\":\"e-book: El gobierno corporativo en las organizaciones deportivas: una perspectiva de g\u00e9nero\"}]},{\"@type\":\"WebSite\",\"@id\":\"https:\/\/gesport.unizar.es\/#website\",\"url\":\"https:\/\/gesport.unizar.es\/\",\"name\":\"GESPORT+\",\"description\":\"GESPORT+ project website. GESPORT+ project seeks to strengthen equality between men and women in decision- making spaces in sports organizations such as the board of directors. \",\"publisher\":{\"@id\":\"https:\/\/gesport.unizar.es\/#organization\"},\"potentialAction\":[{\"@type\":\"SearchAction\",\"target\":{\"@type\":\"EntryPoint\",\"urlTemplate\":\"https:\/\/gesport.unizar.es\/?s={search_term_string}\"},\"query-input\":\"required name=search_term_string\"}],\"inLanguage\":\"es\"},{\"@type\":\"Organization\",\"@id\":\"https:\/\/gesport.unizar.es\/#organization\",\"name\":\"GESPORT Erasmus+\",\"url\":\"https:\/\/gesport.unizar.es\/\",\"sameAs\":[],\"logo\":{\"@type\":\"ImageObject\",\"inLanguage\":\"es\",\"@id\":\"https:\/\/gesport.unizar.es\/#\/schema\/logo\/image\/\",\"url\":\"http:\/\/gesport.unizar.es\/wp-content\/uploads\/2018\/12\/4.jpg\",\"contentUrl\":\"http:\/\/gesport.unizar.es\/wp-content\/uploads\/2018\/12\/4.jpg\",\"width\":400,\"height\":400,\"caption\":\"GESPORT Erasmus+\"},\"image\":{\"@id\":\"https:\/\/gesport.unizar.es\/#\/schema\/logo\/image\/\"}}]}<\/script>\n<!-- \/ Yoast SEO plugin. -->","yoast_head_json":{"title":"e-book: El gobierno corporativo en las organizaciones deportivas: una perspectiva de g\u00e9nero - GESPORT+ educa","robots":{"index":"index","follow":"follow","max-snippet":"max-snippet:-1","max-image-preview":"max-image-preview:large","max-video-preview":"max-video-preview:-1"},"canonical":"https:\/\/gesport.unizar.es\/book-corporate-governance-in-sport-organizations-a-gender-perspective-1o-ed\/","og_locale":"es_ES","og_type":"article","og_title":"e-book: El gobierno corporativo en las organizaciones deportivas: una perspectiva de g\u00e9nero - GESPORT+ educa","og_url":"https:\/\/gesport.unizar.es\/book-corporate-governance-in-sport-organizations-a-gender-perspective-1o-ed\/","og_site_name":"GESPORT+ educa","article_modified_time":"2023-06-12T13:20:56+00:00","og_image":[{"url":"https:\/\/gesport.unizar.es\/wp-content\/uploads\/2019\/11\/book.jpg"}],"twitter_card":"summary_large_image","twitter_misc":{"Tiempo de lectura":"3 minutos"},"schema":{"@context":"https:\/\/schema.org","@graph":[{"@type":"WebPage","@id":"https:\/\/gesport.unizar.es\/book-corporate-governance-in-sport-organizations-a-gender-perspective-1o-ed\/","url":"https:\/\/gesport.unizar.es\/book-corporate-governance-in-sport-organizations-a-gender-perspective-1o-ed\/","name":"e-book: El gobierno corporativo en las organizaciones deportivas: una perspectiva de g\u00e9nero - GESPORT+ educa","isPartOf":{"@id":"https:\/\/gesport.unizar.es\/#website"},"datePublished":"2021-10-25T10:55:08+00:00","dateModified":"2023-06-12T13:20:56+00:00","breadcrumb":{"@id":"https:\/\/gesport.unizar.es\/book-corporate-governance-in-sport-organizations-a-gender-perspective-1o-ed\/#breadcrumb"},"inLanguage":"es","potentialAction":[{"@type":"ReadAction","target":["https:\/\/gesport.unizar.es\/book-corporate-governance-in-sport-organizations-a-gender-perspective-1o-ed\/"]}]},{"@type":"BreadcrumbList","@id":"https:\/\/gesport.unizar.es\/book-corporate-governance-in-sport-organizations-a-gender-perspective-1o-ed\/#breadcrumb","itemListElement":[{"@type":"ListItem","position":1,"name":"Portada","item":"https:\/\/gesport.unizar.es\/"},{"@type":"ListItem","position":2,"name":"e-book: El gobierno corporativo en las organizaciones deportivas: una perspectiva de g\u00e9nero"}]},{"@type":"WebSite","@id":"https:\/\/gesport.unizar.es\/#website","url":"https:\/\/gesport.unizar.es\/","name":"GESPORT+","description":"GESPORT+ project website. GESPORT+ project seeks to strengthen equality between men and women in decision- making spaces in sports organizations such as the board of directors. ","publisher":{"@id":"https:\/\/gesport.unizar.es\/#organization"},"potentialAction":[{"@type":"SearchAction","target":{"@type":"EntryPoint","urlTemplate":"https:\/\/gesport.unizar.es\/?s={search_term_string}"},"query-input":"required name=search_term_string"}],"inLanguage":"es"},{"@type":"Organization","@id":"https:\/\/gesport.unizar.es\/#organization","name":"GESPORT Erasmus+","url":"https:\/\/gesport.unizar.es\/","sameAs":[],"logo":{"@type":"ImageObject","inLanguage":"es","@id":"https:\/\/gesport.unizar.es\/#\/schema\/logo\/image\/","url":"http:\/\/gesport.unizar.es\/wp-content\/uploads\/2018\/12\/4.jpg","contentUrl":"http:\/\/gesport.unizar.es\/wp-content\/uploads\/2018\/12\/4.jpg","width":400,"height":400,"caption":"GESPORT Erasmus+"},"image":{"@id":"https:\/\/gesport.unizar.es\/#\/schema\/logo\/image\/"}}]}},"_links":{"self":[{"href":"https:\/\/gesport.unizar.es\/es\/wp-json\/wp\/v2\/pages\/6422"}],"collection":[{"href":"https:\/\/gesport.unizar.es\/es\/wp-json\/wp\/v2\/pages"}],"about":[{"href":"https:\/\/gesport.unizar.es\/es\/wp-json\/wp\/v2\/types\/page"}],"author":[{"embeddable":true,"href":"https:\/\/gesport.unizar.es\/es\/wp-json\/wp\/v2\/users\/3"}],"replies":[{"embeddable":true,"href":"https:\/\/gesport.unizar.es\/es\/wp-json\/wp\/v2\/comments?post=6422"}],"version-history":[{"count":54,"href":"https:\/\/gesport.unizar.es\/es\/wp-json\/wp\/v2\/pages\/6422\/revisions"}],"predecessor-version":[{"id":10791,"href":"https:\/\/gesport.unizar.es\/es\/wp-json\/wp\/v2\/pages\/6422\/revisions\/10791"}],"wp:attachment":[{"href":"https:\/\/gesport.unizar.es\/es\/wp-json\/wp\/v2\/media?parent=6422"}],"curies":[{"name":"wp","href":"https:\/\/api.w.org\/{rel}","templated":true}]}}