{"id":6419,"date":"2021-10-25T10:53:02","date_gmt":"2021-10-25T10:53:02","guid":{"rendered":"https:\/\/gesport.unizar.es\/?page_id=6419"},"modified":"2023-05-30T09:46:43","modified_gmt":"2023-05-30T09:46:43","slug":"web-page","status":"publish","type":"page","link":"https:\/\/gesport.unizar.es\/es\/web-page\/","title":{"rendered":"P\u00c1GINA WEB"},"content":{"rendered":"\n<p><\/p>\n\n\n\n<p>El primer resultado intelectual del proyecto GESPORT es el sitio web, disponible en <a href=\"https:\/\/gesport.unizar.es\/\">https:\/\/gesport.unizar.es\/<\/a>. El sitio web es la principal fuente de informaci\u00f3n del proyecto y est\u00e1 disponible en las cinco lenguas del mismo (ingl\u00e9s, italiano, portugu\u00e9s, espa\u00f1ol y turco) para que sus resultados puedan llegar a m\u00e1s personas que si se publicaran en un solo idioma. Por lo tanto, el sitio web del proyecto tiene como objetivo dar a conocer el contenido del proyecto y aumentar su visibilidad, lo cual es fundamental para difundir los resultados.<\/p>\n\n\n\n<p>El sitio web ofrece informaci\u00f3n exhaustiva sobre todos los aspectos del proyecto, por ejemplo, los objetivos, los resultados, las noticias, las principales actividades, las personas que han participado en el proyecto y las que lo han permitido, y consta de seis secciones principales y 23 sub-secciones, adem\u00e1s de un apartado de agradecimientos. La p\u00e1gina principal muestra los logos oficiales y el t\u00edtulo del proyecto, y la bandera de la Uni\u00f3n Europea.<\/p>\n\n\n\n<p>El sitio web se dise\u00f1\u00f3 para ser mostrado en los cinco idiomas del proyecto (ingl\u00e9s, italiano, portugu\u00e9s, turco y espa\u00f1ol). El sitio web tiene las siguientes secciones principales: el proyecto, los resultados intelectuales, los eventos, las noticias, las entrevistas, y los agradecimientos. Tambi\u00e9n ilustra los enlaces a las cuentas de las redes sociales del proyecto, <a href=\"https:\/\/www.instagram.com\/projectgesport\/\">Instagram<\/a>, <a href=\"https:\/\/twitter.com\/ProjectGesport\">Twitter<\/a>, <a href=\"https:\/\/www.youtube.com\/playlist?list=PLhnGL5VosdkkGWWfCm1d4Lbh0qy3m5ZwR\">YouTube<\/a> y <a href=\"https:\/\/www.facebook.com\/Gesport-Project-101918404763643\">Facebook<\/a>. Adem\u00e1s, cada secci\u00f3n tiene diferentes sub-secciones. Para su elaboraci\u00f3n se utiliz\u00f3 el creador de p\u00e1ginas web WordPress.<\/p>\n\n\n\n<p>La parte central de la p\u00e1gina principal presenta el enlace del Proyecto GESPORT en la p\u00e1gina web oficial del Programa Erasmus+ de la Uni\u00f3n Europea y los nombres de las coordinadoras de las instituciones socias, sus funciones y los enlaces de los sitios web institucionales.<\/p>\n\n\n\n<p>La secci\u00f3n del proyecto consta de los objetivos, los contextos nacionales y las becarias y becarios. Mientras que la sub-secci\u00f3n de objetivos ofrece informaci\u00f3n en profundidad sobre las finalidades del proyecto, la sub-secci\u00f3n de contextos nacionales incluye las fotos de las mujeres que representan a las federaciones nacionales deportivas que han participado en el proyecto durante las entrevistas realizadas en cada pa\u00eds. Adem\u00e1s, se dan a conocer las breves autobiograf\u00edas de las becarias que colaboraron en el proyecto GESPORT.<\/p>\n\n\n\n<p>La secci\u00f3n de productos intelectuales consta de 14 sub-secciones,  con el contenido de todos los productos intelectuales completados en el proyecto. se divide en <a href=\"https:\/\/gesport.unizar.es\/es\/project-news\/\">noticias del proyecto<\/a> y <a href=\"https:\/\/gesport.unizar.es\/es\/689-2\/\">noticias de prensa<\/a>. Las noticias del proyecto difunden los \u00faltimos avances del mismo. Por otra parte, las noticias de prensa incluyen las noticias del proyecto en medios de comunicaci\u00f3n nacionales y locales de los cinco pa\u00edses, son muy significativas para aumentar el reconocimiento y la visibilidad del proyecto GESPORT<\/p>\n\n\n\n<p>La secci\u00f3n de eventos se compone las siguientes sub-secciones: <a href=\"https:\/\/gesport.unizar.es\/es\/summer-course\/\">Curso de Verano<\/a>, <a href=\"https:\/\/gesport.unizar.es\/international-conference-2021\/\">Conferencia Internacional<\/a>, <a href=\"https:\/\/gesport.unizar.es\/es\/transnational-meetings\/\">reuniones transnacionales<\/a> y <a href=\"https:\/\/gesport.unizar.es\/es\/other-events\/\">otros eventos<\/a>. Todas ellas son actividades organizadas durante la vida del proyecto. El Curso de Verano y la Conferencia Internacional se identifican como eventos multiplicadores (ME) 1 y 2.  Asimismo, se incluye una relaci\u00f3n de otros eventos que no estaban previstos inicialmente pero que se llevaron a cabo durante el periodo del proyecto para aumentar el impacto y la difusi\u00f3n.<\/p>\n\n\n\n<p>Press News related to the webpage:<\/p>\n\n\n\n<p>\u201c<a href=\"https:\/\/gesport.unizar.es\/a-web-page-and-a-logo-to-give-the-greatest-diffusion-to-work\/\">Una p\u00e1gina web y un logo para dar la mayor difusi\u00f3n al trabajo<\/a>\u201d (Isabel Mu\u00f1oz,<em> Diario de Teruel<\/em>, Agosto 13, 2018).<\/p>\n\n\n\n<p>\u201c<a href=\"https:\/\/gesport.unizar.es\/es\/the-uvt-reviews-all-areas-of-the-sport-from-a-gender-perspective\/\">Exhibici\u00f3n de los logos que entraron a concurso<\/a>\u201d (<em>Diario de Teruel<\/em>, Septiembre 11, 2020).<\/p>\n\n\n\n<p class=\"has-ast-global-color-0-color has-text-color\"><em>Disclaimer:\u00a0<\/em><\/p>\n\n\n\n<p class=\"has-ast-global-color-0-color has-ast-global-color-6-background-color has-text-color has-background\">The European Commission support for the production of this publication does not constitute an endorsement of the contents which reflects the views only of the authors, and the Commission cannot be held responsible for any use which may be made of the information contained therein.<\/p>\n","protected":false},"excerpt":{"rendered":"<p>El primer resultado intelectual del proyecto GESPORT es el sitio web, disponible en https:\/\/gesport.unizar.es\/. El sitio web es la principal fuente de informaci\u00f3n del proyecto y est\u00e1 disponible en las cinco lenguas del mismo (ingl\u00e9s, italiano, portugu\u00e9s, espa\u00f1ol y turco) para que sus resultados puedan llegar a m\u00e1s personas que si se publicaran en un &hellip;<\/p>\n<p class=\"read-more\"> <a class=\"\" href=\"https:\/\/gesport.unizar.es\/es\/web-page\/\"> <span class=\"screen-reader-text\">P\u00c1GINA WEB<\/span> Leer m\u00e1s &raquo;<\/a><\/p>\n","protected":false},"author":3,"featured_media":0,"parent":0,"menu_order":0,"comment_status":"closed","ping_status":"closed","template":"","meta":{"site-sidebar-layout":"default","site-content-layout":"default","ast-global-header-display":"","ast-main-header-display":"","ast-hfb-above-header-display":"","ast-hfb-below-header-display":"","ast-hfb-mobile-header-display":"","site-post-title":"","ast-breadcrumbs-content":"","ast-featured-img":"","footer-sml-layout":"","theme-transparent-header-meta":"default","adv-header-id-meta":"","stick-header-meta":"","header-above-stick-meta":"","header-main-stick-meta":"","header-below-stick-meta":""},"translation":{"provider":"WPGlobus","version":"2.10.4","language":"es","enabled_languages":["gb","es","tr","it","pt"],"languages":{"gb":{"title":true,"content":true,"excerpt":false},"es":{"title":true,"content":true,"excerpt":false},"tr":{"title":true,"content":true,"excerpt":false},"it":{"title":true,"content":true,"excerpt":false},"pt":{"title":true,"content":true,"excerpt":false}}},"yoast_head":"<!-- This site is optimized with the Yoast SEO plugin v19.7.1 - https:\/\/yoast.com\/wordpress\/plugins\/seo\/ -->\n<title>P\u00c1GINA WEB - GESPORT+ educa<\/title>\n<meta name=\"robots\" content=\"index, follow, max-snippet:-1, max-image-preview:large, max-video-preview:-1\" \/>\n<link rel=\"canonical\" href=\"https:\/\/gesport.unizar.es\/web-page\/\" \/>\n<meta property=\"og:locale\" content=\"es_ES\" \/>\n<meta property=\"og:type\" content=\"article\" \/>\n<meta property=\"og:title\" content=\"P\u00c1GINA WEB - GESPORT+ educa\" \/>\n<meta property=\"og:url\" content=\"https:\/\/gesport.unizar.es\/web-page\/\" \/>\n<meta property=\"og:site_name\" content=\"GESPORT+ educa\" \/>\n<meta property=\"article:modified_time\" content=\"2023-05-30T09:46:43+00:00\" \/>\n<meta name=\"twitter:card\" content=\"summary_large_image\" \/>\n<meta name=\"twitter:label1\" content=\"Tiempo de lectura\" \/>\n\t<meta name=\"twitter:data1\" content=\"3 minutos\" \/>\n<script type=\"application\/ld+json\" class=\"yoast-schema-graph\">{\"@context\":\"https:\/\/schema.org\",\"@graph\":[{\"@type\":\"WebPage\",\"@id\":\"https:\/\/gesport.unizar.es\/web-page\/\",\"url\":\"https:\/\/gesport.unizar.es\/web-page\/\",\"name\":\"P\u00c1GINA WEB - GESPORT+ educa\",\"isPartOf\":{\"@id\":\"https:\/\/gesport.unizar.es\/#website\"},\"datePublished\":\"2021-10-25T10:53:02+00:00\",\"dateModified\":\"2023-05-30T09:46:43+00:00\",\"breadcrumb\":{\"@id\":\"https:\/\/gesport.unizar.es\/web-page\/#breadcrumb\"},\"inLanguage\":\"es\",\"potentialAction\":[{\"@type\":\"ReadAction\",\"target\":[\"https:\/\/gesport.unizar.es\/web-page\/\"]}]},{\"@type\":\"BreadcrumbList\",\"@id\":\"https:\/\/gesport.unizar.es\/web-page\/#breadcrumb\",\"itemListElement\":[{\"@type\":\"ListItem\",\"position\":1,\"name\":\"Portada\",\"item\":\"https:\/\/gesport.unizar.es\/\"},{\"@type\":\"ListItem\",\"position\":2,\"name\":\"P\u00c1GINA WEB\"}]},{\"@type\":\"WebSite\",\"@id\":\"https:\/\/gesport.unizar.es\/#website\",\"url\":\"https:\/\/gesport.unizar.es\/\",\"name\":\"GESPORT+\",\"description\":\"GESPORT+ project website. GESPORT+ project seeks to strengthen equality between men and women in decision- making spaces in sports organizations such as the board of directors. \",\"publisher\":{\"@id\":\"https:\/\/gesport.unizar.es\/#organization\"},\"potentialAction\":[{\"@type\":\"SearchAction\",\"target\":{\"@type\":\"EntryPoint\",\"urlTemplate\":\"https:\/\/gesport.unizar.es\/?s={search_term_string}\"},\"query-input\":\"required name=search_term_string\"}],\"inLanguage\":\"es\"},{\"@type\":\"Organization\",\"@id\":\"https:\/\/gesport.unizar.es\/#organization\",\"name\":\"GESPORT Erasmus+\",\"url\":\"https:\/\/gesport.unizar.es\/\",\"sameAs\":[],\"logo\":{\"@type\":\"ImageObject\",\"inLanguage\":\"es\",\"@id\":\"https:\/\/gesport.unizar.es\/#\/schema\/logo\/image\/\",\"url\":\"http:\/\/gesport.unizar.es\/wp-content\/uploads\/2018\/12\/4.jpg\",\"contentUrl\":\"http:\/\/gesport.unizar.es\/wp-content\/uploads\/2018\/12\/4.jpg\",\"width\":400,\"height\":400,\"caption\":\"GESPORT Erasmus+\"},\"image\":{\"@id\":\"https:\/\/gesport.unizar.es\/#\/schema\/logo\/image\/\"}}]}<\/script>\n<!-- \/ Yoast SEO plugin. -->","yoast_head_json":{"title":"P\u00c1GINA WEB - GESPORT+ educa","robots":{"index":"index","follow":"follow","max-snippet":"max-snippet:-1","max-image-preview":"max-image-preview:large","max-video-preview":"max-video-preview:-1"},"canonical":"https:\/\/gesport.unizar.es\/web-page\/","og_locale":"es_ES","og_type":"article","og_title":"P\u00c1GINA WEB - GESPORT+ educa","og_url":"https:\/\/gesport.unizar.es\/web-page\/","og_site_name":"GESPORT+ educa","article_modified_time":"2023-05-30T09:46:43+00:00","twitter_card":"summary_large_image","twitter_misc":{"Tiempo de lectura":"3 minutos"},"schema":{"@context":"https:\/\/schema.org","@graph":[{"@type":"WebPage","@id":"https:\/\/gesport.unizar.es\/web-page\/","url":"https:\/\/gesport.unizar.es\/web-page\/","name":"P\u00c1GINA WEB - GESPORT+ educa","isPartOf":{"@id":"https:\/\/gesport.unizar.es\/#website"},"datePublished":"2021-10-25T10:53:02+00:00","dateModified":"2023-05-30T09:46:43+00:00","breadcrumb":{"@id":"https:\/\/gesport.unizar.es\/web-page\/#breadcrumb"},"inLanguage":"es","potentialAction":[{"@type":"ReadAction","target":["https:\/\/gesport.unizar.es\/web-page\/"]}]},{"@type":"BreadcrumbList","@id":"https:\/\/gesport.unizar.es\/web-page\/#breadcrumb","itemListElement":[{"@type":"ListItem","position":1,"name":"Portada","item":"https:\/\/gesport.unizar.es\/"},{"@type":"ListItem","position":2,"name":"P\u00c1GINA WEB"}]},{"@type":"WebSite","@id":"https:\/\/gesport.unizar.es\/#website","url":"https:\/\/gesport.unizar.es\/","name":"GESPORT+","description":"GESPORT+ project website. GESPORT+ project seeks to strengthen equality between men and women in decision- making spaces in sports organizations such as the board of directors. ","publisher":{"@id":"https:\/\/gesport.unizar.es\/#organization"},"potentialAction":[{"@type":"SearchAction","target":{"@type":"EntryPoint","urlTemplate":"https:\/\/gesport.unizar.es\/?s={search_term_string}"},"query-input":"required name=search_term_string"}],"inLanguage":"es"},{"@type":"Organization","@id":"https:\/\/gesport.unizar.es\/#organization","name":"GESPORT Erasmus+","url":"https:\/\/gesport.unizar.es\/","sameAs":[],"logo":{"@type":"ImageObject","inLanguage":"es","@id":"https:\/\/gesport.unizar.es\/#\/schema\/logo\/image\/","url":"http:\/\/gesport.unizar.es\/wp-content\/uploads\/2018\/12\/4.jpg","contentUrl":"http:\/\/gesport.unizar.es\/wp-content\/uploads\/2018\/12\/4.jpg","width":400,"height":400,"caption":"GESPORT Erasmus+"},"image":{"@id":"https:\/\/gesport.unizar.es\/#\/schema\/logo\/image\/"}}]}},"_links":{"self":[{"href":"https:\/\/gesport.unizar.es\/es\/wp-json\/wp\/v2\/pages\/6419"}],"collection":[{"href":"https:\/\/gesport.unizar.es\/es\/wp-json\/wp\/v2\/pages"}],"about":[{"href":"https:\/\/gesport.unizar.es\/es\/wp-json\/wp\/v2\/types\/page"}],"author":[{"embeddable":true,"href":"https:\/\/gesport.unizar.es\/es\/wp-json\/wp\/v2\/users\/3"}],"replies":[{"embeddable":true,"href":"https:\/\/gesport.unizar.es\/es\/wp-json\/wp\/v2\/comments?post=6419"}],"version-history":[{"count":47,"href":"https:\/\/gesport.unizar.es\/es\/wp-json\/wp\/v2\/pages\/6419\/revisions"}],"predecessor-version":[{"id":10748,"href":"https:\/\/gesport.unizar.es\/es\/wp-json\/wp\/v2\/pages\/6419\/revisions\/10748"}],"wp:attachment":[{"href":"https:\/\/gesport.unizar.es\/es\/wp-json\/wp\/v2\/media?parent=6419"}],"curies":[{"name":"wp","href":"https:\/\/api.w.org\/{rel}","templated":true}]}}