{"id":5224,"date":"2021-02-17T11:04:01","date_gmt":"2021-02-17T11:04:01","guid":{"rendered":"http:\/\/gesport.unizar.es\/?page_id=5224"},"modified":"2022-10-14T12:33:18","modified_gmt":"2022-10-14T12:33:18","slug":"daniela-isetti","status":"publish","type":"page","link":"https:\/\/gesport.unizar.es\/es\/interviews-italy\/daniela-isetti\/","title":{"rendered":"Daniela Isetti"},"content":{"rendered":"\n<h2 class=\"has-text-align-center\"><strong>Vicepresidenta Adjunta de la Federaci\u00f3n Italiana de Ciclismo<\/strong><\/h2>\n\n\n\n<div class=\"wp-container-3 wp-block-columns\">\n<div class=\"wp-container-1 wp-block-column is-vertically-aligned-center\" style=\"flex-basis:33.33%\">\n<p><strong>\u00bfCu\u00e1l es el papel del deporte en tu vida?<\/strong><\/p>\n<\/div>\n\n\n\n<div class=\"wp-container-2 wp-block-column\" style=\"flex-basis:66.66%\">\n<figure class=\"wp-block-embed is-type-video is-provider-youtube wp-block-embed-youtube wp-embed-aspect-16-9 wp-has-aspect-ratio\"><div class=\"wp-block-embed__wrapper\">\n <div class=\"ast-oembed-container\" style=\"height: 100%;\"><iframe loading=\"lazy\" title=\"Daniela Isetti - Deputy Vice President of the Italian Cycling Federation - 1\" width=\"500\" height=\"281\" src=\"https:\/\/www.youtube.com\/embed\/eqsRrDWCTuY?feature=oembed\" frameborder=\"0\" allow=\"accelerometer; autoplay; clipboard-write; encrypted-media; gyroscope; picture-in-picture\" allowfullscreen><\/iframe><\/div>\n<\/div><\/figure>\n<\/div>\n<\/div>\n\n\n\n<div class=\"wp-container-6 wp-block-columns\">\n<div class=\"wp-container-4 wp-block-column is-vertically-aligned-center\" style=\"flex-basis:33.33%\">\n<p><strong>\u00bfCu\u00e1ndo y c\u00f3mo comenz\u00f3 su relaci\u00f3n con el deporte que representa?<\/strong><\/p>\n<\/div>\n\n\n\n<div class=\"wp-container-5 wp-block-column\" style=\"flex-basis:66.66%\">\n<figure class=\"wp-block-embed is-type-video is-provider-youtube wp-block-embed-youtube wp-embed-aspect-16-9 wp-has-aspect-ratio\"><div class=\"wp-block-embed__wrapper\">\n<div class=\"ast-oembed-container\" style=\"height: 100%;\"><iframe loading=\"lazy\" title=\"Daniela Isetti - Deputy Vice President of the Italian Cycling Federation - 2\" width=\"500\" height=\"281\" src=\"https:\/\/www.youtube.com\/embed\/NsGe-JXr7Lg?feature=oembed\" frameborder=\"0\" allow=\"accelerometer; autoplay; clipboard-write; encrypted-media; gyroscope; picture-in-picture\" allowfullscreen><\/iframe><\/div>\n<\/div><\/figure>\n<\/div>\n<\/div>\n\n\n\n<div class=\"wp-container-9 wp-block-columns\">\n<div class=\"wp-container-7 wp-block-column is-vertically-aligned-center\" style=\"flex-basis:33.33%\">\n<p><strong>\u00bfQu\u00e9 opina de la representaci\u00f3n femenina en las organizaciones deportivas en la actualidad?<\/strong><\/p>\n<\/div>\n\n\n\n<div class=\"wp-container-8 wp-block-column\" style=\"flex-basis:66.66%\">\n<figure class=\"wp-block-embed is-type-video is-provider-youtube wp-block-embed-youtube wp-embed-aspect-16-9 wp-has-aspect-ratio\"><div class=\"wp-block-embed__wrapper\">\n <div class=\"ast-oembed-container\" style=\"height: 100%;\"><iframe loading=\"lazy\" title=\"Daniela Isetti - Deputy Vice President of the Italian Cycling Federation - 3\" width=\"500\" height=\"281\" src=\"https:\/\/www.youtube.com\/embed\/tCIQEhgQg3s?feature=oembed\" frameborder=\"0\" allow=\"accelerometer; autoplay; clipboard-write; encrypted-media; gyroscope; picture-in-picture\" allowfullscreen><\/iframe><\/div>\n<\/div><\/figure>\n<\/div>\n<\/div>\n\n\n\n<div class=\"wp-container-12 wp-block-columns\">\n<div class=\"wp-container-10 wp-block-column is-vertically-aligned-center\" style=\"flex-basis:33.33%\">\n<p><strong>Como vicepresidenta de la junta directiva, \u00bfparticip\u00f3 en la definici\u00f3n e implementaci\u00f3n de pol\u00edticas de igualdad de g\u00e9nero? En caso afirmativo, \u00bfcu\u00e1les fueron esas pol\u00edticas? \u00bfPor qu\u00e9 cree que son \u00fatiles? Si no, \u00bfpor qu\u00e9 no son \u00fatiles?<\/strong><\/p>\n<\/div>\n\n\n\n<div class=\"wp-container-11 wp-block-column\" style=\"flex-basis:66.66%\">\n<figure class=\"wp-block-embed is-type-video is-provider-youtube wp-block-embed-youtube wp-embed-aspect-16-9 wp-has-aspect-ratio\"><div class=\"wp-block-embed__wrapper\">\n <div class=\"ast-oembed-container\" style=\"height: 100%;\"><iframe loading=\"lazy\" title=\"Daniela Isetti - Deputy Vice President of the Italian Cycling Federation - 4\" width=\"500\" height=\"281\" src=\"https:\/\/www.youtube.com\/embed\/7dP_3uq4SIQ?feature=oembed\" frameborder=\"0\" allow=\"accelerometer; autoplay; clipboard-write; encrypted-media; gyroscope; picture-in-picture\" allowfullscreen><\/iframe><\/div>\n<\/div><\/figure>\n<\/div>\n<\/div>\n\n\n\n<div class=\"wp-container-15 wp-block-columns\">\n<div class=\"wp-container-13 wp-block-column is-vertically-aligned-center\" style=\"flex-basis:33.33%\">\n<p><strong>\u00bfCu\u00e1les son las responsabilidades de su junta directiva? Y\u00bfCu\u00e1nto tiempo lleva en el cargo?<\/strong><\/p>\n<\/div>\n\n\n\n<div class=\"wp-container-14 wp-block-column\" style=\"flex-basis:66.66%\">\n<figure class=\"wp-block-embed is-type-video is-provider-youtube wp-block-embed-youtube wp-embed-aspect-16-9 wp-has-aspect-ratio\"><div class=\"wp-block-embed__wrapper\">\n <div class=\"ast-oembed-container\" style=\"height: 100%;\"><iframe loading=\"lazy\" title=\"Daniela Isetti - Deputy Vice President of the Italian Cycling Federation - 5\" width=\"500\" height=\"281\" src=\"https:\/\/www.youtube.com\/embed\/nCYtsdEf0k4?feature=oembed\" frameborder=\"0\" allow=\"accelerometer; autoplay; clipboard-write; encrypted-media; gyroscope; picture-in-picture\" allowfullscreen><\/iframe><\/div>\n<\/div><\/figure>\n<\/div>\n<\/div>\n\n\n\n<div class=\"wp-container-18 wp-block-columns\">\n<div class=\"wp-container-16 wp-block-column is-vertically-aligned-center\" style=\"flex-basis:33.33%\">\n<p><strong>\u00bfCu\u00e1les son los principales desaf\u00edos a los que se ha enfrentado desde que ocupa este puesto?<\/strong><\/p>\n<\/div>\n\n\n\n<div class=\"wp-container-17 wp-block-column\" style=\"flex-basis:66.66%\">\n<figure class=\"wp-block-embed is-type-video is-provider-youtube wp-block-embed-youtube wp-embed-aspect-16-9 wp-has-aspect-ratio\"><div class=\"wp-block-embed__wrapper\">\n <div class=\"ast-oembed-container\" style=\"height: 100%;\"><iframe loading=\"lazy\" title=\"Daniela Isetti - Deputy Vice President of the Italian Cycling Federation - 6\" width=\"500\" height=\"281\" src=\"https:\/\/www.youtube.com\/embed\/v_eAoOJyAqk?feature=oembed\" frameborder=\"0\" allow=\"accelerometer; autoplay; clipboard-write; encrypted-media; gyroscope; picture-in-picture\" allowfullscreen><\/iframe><\/div>\n<\/div><\/figure>\n<\/div>\n<\/div>\n\n\n\n<div class=\"wp-container-21 wp-block-columns\">\n<div class=\"wp-container-19 wp-block-column is-vertically-aligned-center\" style=\"flex-basis:33.33%\">\n<p><strong>\u00bfCu\u00e1l es su opini\u00f3n sobre la participaci\u00f3n de las mujeres en las juntas directivas? \u00bfCree que hay igualdad?<\/strong><\/p>\n<\/div>\n\n\n\n<div class=\"wp-container-20 wp-block-column\" style=\"flex-basis:66.66%\">\n<figure class=\"wp-block-embed is-type-video is-provider-youtube wp-block-embed-youtube wp-embed-aspect-16-9 wp-has-aspect-ratio\"><div class=\"wp-block-embed__wrapper\">\n <div class=\"ast-oembed-container\" style=\"height: 100%;\"><iframe loading=\"lazy\" title=\"Daniela Isetti - Deputy Vice President of the Italian Cycling Federation -  7\" width=\"500\" height=\"281\" src=\"https:\/\/www.youtube.com\/embed\/Jk_rOQIYnTY?feature=oembed\" frameborder=\"0\" allow=\"accelerometer; autoplay; clipboard-write; encrypted-media; gyroscope; picture-in-picture\" allowfullscreen><\/iframe><\/div>\n<\/div><\/figure>\n<\/div>\n<\/div>\n\n\n\n<div class=\"wp-container-24 wp-block-columns\">\n<div class=\"wp-container-22 wp-block-column is-vertically-aligned-center\" style=\"flex-basis:33.33%\">\n<p><strong>\u00bfQu\u00e9 otras pol\u00edticas o medidas considera que habr\u00eda que adoptar para fomentar la igualdad?<\/strong><\/p>\n<\/div>\n\n\n\n<div class=\"wp-container-23 wp-block-column\" style=\"flex-basis:66.66%\">\n<figure class=\"wp-block-embed is-type-video is-provider-youtube wp-block-embed-youtube wp-embed-aspect-16-9 wp-has-aspect-ratio\"><div class=\"wp-block-embed__wrapper\">\n <div class=\"ast-oembed-container\" style=\"height: 100%;\"><iframe loading=\"lazy\" title=\"Daniela Isetti - Deputy Vice President of the Italian Cycling Federation - 8\" width=\"500\" height=\"281\" src=\"https:\/\/www.youtube.com\/embed\/RpFJnuzOfL8?feature=oembed\" frameborder=\"0\" allow=\"accelerometer; autoplay; clipboard-write; encrypted-media; gyroscope; picture-in-picture\" allowfullscreen><\/iframe><\/div>\n<\/div><\/figure>\n<\/div>\n<\/div>\n\n\n\n<div class=\"wp-container-27 wp-block-columns\">\n<div class=\"wp-container-25 wp-block-column is-vertically-aligned-center\" style=\"flex-basis:33.33%\">\n<p><strong>\u00bfCree que su posici\u00f3n en la junta contribuye a la igualdad de g\u00e9nero en la sociedad? Si es as\u00ed, \u00bfC\u00f3mo?. Si no, \u00bfpor qu\u00e9?<\/strong><\/p>\n<\/div>\n\n\n\n<div class=\"wp-container-26 wp-block-column\" style=\"flex-basis:66.66%\">\n<figure class=\"wp-block-embed is-type-video is-provider-youtube wp-block-embed-youtube wp-embed-aspect-16-9 wp-has-aspect-ratio\"><div class=\"wp-block-embed__wrapper\">\n <div class=\"ast-oembed-container\" style=\"height: 100%;\"><iframe loading=\"lazy\" title=\"Daniela Isetti - Deputy Vice President of the Italian Cycling Federation - 9\" width=\"500\" height=\"281\" src=\"https:\/\/www.youtube.com\/embed\/gQAsiuJW9bQ?feature=oembed\" frameborder=\"0\" allow=\"accelerometer; autoplay; clipboard-write; encrypted-media; gyroscope; picture-in-picture\" allowfullscreen><\/iframe><\/div>\n<\/div><\/figure>\n<\/div>\n<\/div>\n\n\n\n<div class=\"wp-container-30 wp-block-columns\">\n<div class=\"wp-container-28 wp-block-column is-vertically-aligned-center\" style=\"flex-basis:33.33%\">\n<p><strong>\u00bfQu\u00e9 consejos dar\u00eda a otras mujeres que pretendan ocupar posiciones en el gobierno corporativo del deporte?.<\/strong><\/p>\n<\/div>\n\n\n\n<div class=\"wp-container-29 wp-block-column\" style=\"flex-basis:66.66%\">\n<figure class=\"wp-block-embed is-type-video is-provider-youtube wp-block-embed-youtube wp-embed-aspect-16-9 wp-has-aspect-ratio\"><div class=\"wp-block-embed__wrapper\">\n <div class=\"ast-oembed-container\" style=\"height: 100%;\"><iframe loading=\"lazy\" title=\"Daniela Isetti - Deputy Vice President of the Italian Cycling Federation - 10\" width=\"500\" height=\"281\" src=\"https:\/\/www.youtube.com\/embed\/aO0CnZbpsFs?feature=oembed\" frameborder=\"0\" allow=\"accelerometer; autoplay; clipboard-write; encrypted-media; gyroscope; picture-in-picture\" allowfullscreen><\/iframe><\/div>\n<\/div><\/figure>\n<\/div>\n<\/div>\n","protected":false},"excerpt":{"rendered":"<p>Vicepresidenta Adjunta de la Federaci\u00f3n Italiana de Ciclismo \u00bfCu\u00e1l es el papel del deporte en tu vida? \u00bfCu\u00e1ndo y c\u00f3mo comenz\u00f3 su relaci\u00f3n con el deporte que representa? \u00bfQu\u00e9 opina de la representaci\u00f3n femenina en las organizaciones deportivas en la actualidad? Como vicepresidenta de la junta directiva, \u00bfparticip\u00f3 en la definici\u00f3n e implementaci\u00f3n de pol\u00edticas &hellip;<\/p>\n<p class=\"read-more\"> <a class=\"\" href=\"https:\/\/gesport.unizar.es\/es\/interviews-italy\/daniela-isetti\/\"> <span class=\"screen-reader-text\">Daniela Isetti<\/span> Leer m\u00e1s &raquo;<\/a><\/p>\n","protected":false},"author":3,"featured_media":0,"parent":4312,"menu_order":0,"comment_status":"closed","ping_status":"closed","template":"","meta":{"site-sidebar-layout":"default","site-content-layout":"default","ast-global-header-display":"","ast-main-header-display":"","ast-hfb-above-header-display":"","ast-hfb-below-header-display":"","ast-hfb-mobile-header-display":"","site-post-title":"","ast-breadcrumbs-content":"","ast-featured-img":"","footer-sml-layout":"","theme-transparent-header-meta":"","adv-header-id-meta":"","stick-header-meta":"","header-above-stick-meta":"","header-main-stick-meta":"","header-below-stick-meta":""},"translation":{"provider":"WPGlobus","version":"2.10.4","language":"es","enabled_languages":["gb","es","tr","it","pt"],"languages":{"gb":{"title":true,"content":true,"excerpt":false},"es":{"title":true,"content":true,"excerpt":false},"tr":{"title":true,"content":true,"excerpt":false},"it":{"title":true,"content":true,"excerpt":false},"pt":{"title":true,"content":true,"excerpt":false}}},"yoast_head":"<!-- This site is optimized with the Yoast SEO plugin v19.7.1 - https:\/\/yoast.com\/wordpress\/plugins\/seo\/ -->\n<title>Daniela Isetti - GESPORT+ educa<\/title>\n<meta name=\"robots\" content=\"index, follow, max-snippet:-1, max-image-preview:large, max-video-preview:-1\" \/>\n<link rel=\"canonical\" href=\"https:\/\/gesport.unizar.es\/interviews-italy\/daniela-isetti\/\" \/>\n<meta property=\"og:locale\" content=\"es_ES\" \/>\n<meta property=\"og:type\" content=\"article\" \/>\n<meta property=\"og:title\" content=\"Daniela Isetti - GESPORT+ educa\" \/>\n<meta property=\"og:url\" content=\"https:\/\/gesport.unizar.es\/interviews-italy\/daniela-isetti\/\" \/>\n<meta property=\"og:site_name\" content=\"GESPORT+ educa\" \/>\n<meta property=\"article:modified_time\" content=\"2022-10-14T12:33:18+00:00\" \/>\n<meta name=\"twitter:card\" content=\"summary_large_image\" \/>\n<meta name=\"twitter:label1\" content=\"Tiempo de lectura\" \/>\n\t<meta name=\"twitter:data1\" content=\"1 minuto\" \/>\n<script type=\"application\/ld+json\" class=\"yoast-schema-graph\">{\"@context\":\"https:\/\/schema.org\",\"@graph\":[{\"@type\":\"WebPage\",\"@id\":\"https:\/\/gesport.unizar.es\/interviews-italy\/daniela-isetti\/\",\"url\":\"https:\/\/gesport.unizar.es\/interviews-italy\/daniela-isetti\/\",\"name\":\"Daniela Isetti - GESPORT+ educa\",\"isPartOf\":{\"@id\":\"https:\/\/gesport.unizar.es\/#website\"},\"datePublished\":\"2021-02-17T11:04:01+00:00\",\"dateModified\":\"2022-10-14T12:33:18+00:00\",\"breadcrumb\":{\"@id\":\"https:\/\/gesport.unizar.es\/interviews-italy\/daniela-isetti\/#breadcrumb\"},\"inLanguage\":\"es\",\"potentialAction\":[{\"@type\":\"ReadAction\",\"target\":[\"https:\/\/gesport.unizar.es\/interviews-italy\/daniela-isetti\/\"]}]},{\"@type\":\"BreadcrumbList\",\"@id\":\"https:\/\/gesport.unizar.es\/interviews-italy\/daniela-isetti\/#breadcrumb\",\"itemListElement\":[{\"@type\":\"ListItem\",\"position\":1,\"name\":\"Portada\",\"item\":\"https:\/\/gesport.unizar.es\/\"},{\"@type\":\"ListItem\",\"position\":2,\"name\":\"Entrevistas Italia\",\"item\":\"https:\/\/gesport.unizar.es\/interviews-italy\/\"},{\"@type\":\"ListItem\",\"position\":3,\"name\":\"Daniela Isetti\"}]},{\"@type\":\"WebSite\",\"@id\":\"https:\/\/gesport.unizar.es\/#website\",\"url\":\"https:\/\/gesport.unizar.es\/\",\"name\":\"GESPORT+\",\"description\":\"GESPORT+ project website. GESPORT+ project seeks to strengthen equality between men and women in decision- making spaces in sports organizations such as the board of directors. \",\"publisher\":{\"@id\":\"https:\/\/gesport.unizar.es\/#organization\"},\"potentialAction\":[{\"@type\":\"SearchAction\",\"target\":{\"@type\":\"EntryPoint\",\"urlTemplate\":\"https:\/\/gesport.unizar.es\/?s={search_term_string}\"},\"query-input\":\"required name=search_term_string\"}],\"inLanguage\":\"es\"},{\"@type\":\"Organization\",\"@id\":\"https:\/\/gesport.unizar.es\/#organization\",\"name\":\"GESPORT Erasmus+\",\"url\":\"https:\/\/gesport.unizar.es\/\",\"sameAs\":[],\"logo\":{\"@type\":\"ImageObject\",\"inLanguage\":\"es\",\"@id\":\"https:\/\/gesport.unizar.es\/#\/schema\/logo\/image\/\",\"url\":\"http:\/\/gesport.unizar.es\/wp-content\/uploads\/2018\/12\/4.jpg\",\"contentUrl\":\"http:\/\/gesport.unizar.es\/wp-content\/uploads\/2018\/12\/4.jpg\",\"width\":400,\"height\":400,\"caption\":\"GESPORT Erasmus+\"},\"image\":{\"@id\":\"https:\/\/gesport.unizar.es\/#\/schema\/logo\/image\/\"}}]}<\/script>\n<!-- \/ Yoast SEO plugin. -->","yoast_head_json":{"title":"Daniela Isetti - GESPORT+ educa","robots":{"index":"index","follow":"follow","max-snippet":"max-snippet:-1","max-image-preview":"max-image-preview:large","max-video-preview":"max-video-preview:-1"},"canonical":"https:\/\/gesport.unizar.es\/interviews-italy\/daniela-isetti\/","og_locale":"es_ES","og_type":"article","og_title":"Daniela Isetti - GESPORT+ educa","og_url":"https:\/\/gesport.unizar.es\/interviews-italy\/daniela-isetti\/","og_site_name":"GESPORT+ educa","article_modified_time":"2022-10-14T12:33:18+00:00","twitter_card":"summary_large_image","twitter_misc":{"Tiempo de lectura":"1 minuto"},"schema":{"@context":"https:\/\/schema.org","@graph":[{"@type":"WebPage","@id":"https:\/\/gesport.unizar.es\/interviews-italy\/daniela-isetti\/","url":"https:\/\/gesport.unizar.es\/interviews-italy\/daniela-isetti\/","name":"Daniela Isetti - GESPORT+ educa","isPartOf":{"@id":"https:\/\/gesport.unizar.es\/#website"},"datePublished":"2021-02-17T11:04:01+00:00","dateModified":"2022-10-14T12:33:18+00:00","breadcrumb":{"@id":"https:\/\/gesport.unizar.es\/interviews-italy\/daniela-isetti\/#breadcrumb"},"inLanguage":"es","potentialAction":[{"@type":"ReadAction","target":["https:\/\/gesport.unizar.es\/interviews-italy\/daniela-isetti\/"]}]},{"@type":"BreadcrumbList","@id":"https:\/\/gesport.unizar.es\/interviews-italy\/daniela-isetti\/#breadcrumb","itemListElement":[{"@type":"ListItem","position":1,"name":"Portada","item":"https:\/\/gesport.unizar.es\/"},{"@type":"ListItem","position":2,"name":"Entrevistas Italia","item":"https:\/\/gesport.unizar.es\/interviews-italy\/"},{"@type":"ListItem","position":3,"name":"Daniela Isetti"}]},{"@type":"WebSite","@id":"https:\/\/gesport.unizar.es\/#website","url":"https:\/\/gesport.unizar.es\/","name":"GESPORT+","description":"GESPORT+ project website. GESPORT+ project seeks to strengthen equality between men and women in decision- making spaces in sports organizations such as the board of directors. ","publisher":{"@id":"https:\/\/gesport.unizar.es\/#organization"},"potentialAction":[{"@type":"SearchAction","target":{"@type":"EntryPoint","urlTemplate":"https:\/\/gesport.unizar.es\/?s={search_term_string}"},"query-input":"required name=search_term_string"}],"inLanguage":"es"},{"@type":"Organization","@id":"https:\/\/gesport.unizar.es\/#organization","name":"GESPORT Erasmus+","url":"https:\/\/gesport.unizar.es\/","sameAs":[],"logo":{"@type":"ImageObject","inLanguage":"es","@id":"https:\/\/gesport.unizar.es\/#\/schema\/logo\/image\/","url":"http:\/\/gesport.unizar.es\/wp-content\/uploads\/2018\/12\/4.jpg","contentUrl":"http:\/\/gesport.unizar.es\/wp-content\/uploads\/2018\/12\/4.jpg","width":400,"height":400,"caption":"GESPORT Erasmus+"},"image":{"@id":"https:\/\/gesport.unizar.es\/#\/schema\/logo\/image\/"}}]}},"_links":{"self":[{"href":"https:\/\/gesport.unizar.es\/es\/wp-json\/wp\/v2\/pages\/5224"}],"collection":[{"href":"https:\/\/gesport.unizar.es\/es\/wp-json\/wp\/v2\/pages"}],"about":[{"href":"https:\/\/gesport.unizar.es\/es\/wp-json\/wp\/v2\/types\/page"}],"author":[{"embeddable":true,"href":"https:\/\/gesport.unizar.es\/es\/wp-json\/wp\/v2\/users\/3"}],"replies":[{"embeddable":true,"href":"https:\/\/gesport.unizar.es\/es\/wp-json\/wp\/v2\/comments?post=5224"}],"version-history":[{"count":20,"href":"https:\/\/gesport.unizar.es\/es\/wp-json\/wp\/v2\/pages\/5224\/revisions"}],"predecessor-version":[{"id":10283,"href":"https:\/\/gesport.unizar.es\/es\/wp-json\/wp\/v2\/pages\/5224\/revisions\/10283"}],"up":[{"embeddable":true,"href":"https:\/\/gesport.unizar.es\/es\/wp-json\/wp\/v2\/pages\/4312"}],"wp:attachment":[{"href":"https:\/\/gesport.unizar.es\/es\/wp-json\/wp\/v2\/media?parent=5224"}],"curies":[{"name":"wp","href":"https:\/\/api.w.org\/{rel}","templated":true}]}}