{"id":4312,"date":"2020-05-05T15:27:10","date_gmt":"2020-05-05T15:27:10","guid":{"rendered":"http:\/\/gesport.unizar.es\/?page_id=4312"},"modified":"2022-10-17T11:02:15","modified_gmt":"2022-10-17T11:02:15","slug":"interviews-italy","status":"publish","type":"page","link":"https:\/\/gesport.unizar.es\/es\/interviews-italy\/","title":{"rendered":"Entrevistas Italia"},"content":{"rendered":"\n<div class=\"wp-block-media-text alignwide is-stacked-on-mobile\"><figure class=\"wp-block-media-text__media\"><img loading=\"lazy\" width=\"1024\" height=\"682\" src=\"https:\/\/gesport.unizar.es\/wp-content\/uploads\/2022\/09\/PHOTO-2022-07-08-17-13-27.jpg\" alt=\"\" class=\"wp-image-9185 size-full\"\/><\/figure><div class=\"wp-block-media-text__content\">\n<p class=\"has-large-font-size\" style=\"line-height:1.3\"><strong><a href=\"https:\/\/gesport.unizar.es\/es\/interviews-italy\/mara-invernizzi\/\">Mara Invernizzi, <strong>Vicepresidenta de la Federaci\u00f3n Italiana de Baloncesto<\/strong><\/a><\/strong><\/p>\n<\/div><\/div>\n\n\n\n<div class=\"wp-block-media-text alignwide is-stacked-on-mobile\"><figure class=\"wp-block-media-text__media\"><img loading=\"lazy\" width=\"640\" height=\"480\" src=\"https:\/\/gesport.unizar.es\/wp-content\/uploads\/2020\/04\/Italia-Gimnasia-2-1.jpg\" alt=\"ITALIAN GYMNASTICS FEDERATION\" class=\"wp-image-3948 size-full\" srcset=\"https:\/\/gesport.unizar.es\/wp-content\/uploads\/2020\/04\/Italia-Gimnasia-2-1.jpg 640w, https:\/\/gesport.unizar.es\/wp-content\/uploads\/2020\/04\/Italia-Gimnasia-2-1-300x225.jpg 300w\" sizes=\"(max-width: 640px) 100vw, 640px\" \/><\/figure><div class=\"wp-block-media-text__content\">\n<p class=\"has-large-font-size\" style=\"line-height:1.2\"><strong><a href=\"https:\/\/gesport.unizar.es\/es\/interviews-italy\/fabrizia-dottavio\/\">Fabrizia D\u2019Ottavio, Miembro de la junta directiva de la Federaci\u00f3n Italiana de Gimnasia<\/a><\/strong><\/p>\n<\/div><\/div>\n\n\n\n<div class=\"wp-block-media-text alignwide is-stacked-on-mobile\"><figure class=\"wp-block-media-text__media\"><img loading=\"lazy\" width=\"640\" height=\"480\" src=\"https:\/\/gesport.unizar.es\/wp-content\/uploads\/2020\/04\/Italia-Ciclismo-3.jpeg\" alt=\"Daniela Isetti\" class=\"wp-image-4112 size-full\" srcset=\"https:\/\/gesport.unizar.es\/wp-content\/uploads\/2020\/04\/Italia-Ciclismo-3.jpeg 640w, https:\/\/gesport.unizar.es\/wp-content\/uploads\/2020\/04\/Italia-Ciclismo-3-300x225.jpeg 300w\" sizes=\"(max-width: 640px) 100vw, 640px\" \/><\/figure><div class=\"wp-block-media-text__content\">\n<p class=\"has-large-font-size\" style=\"line-height:1.3\"><strong><a href=\"https:\/\/gesport.unizar.es\/es\/interviews-italy\/daniela-isetti\/\">Daniela Isetti, Vicepresidenta Adjunta de la Federaci\u00f3n Italiana de Ciclismo<\/a><\/strong><\/p>\n<\/div><\/div>\n\n\n\n<div class=\"wp-block-media-text alignwide is-stacked-on-mobile\"><figure class=\"wp-block-media-text__media\"><img loading=\"lazy\" width=\"640\" height=\"480\" src=\"https:\/\/gesport.unizar.es\/wp-content\/uploads\/2020\/04\/Italia-tiro-al-plato-4-2.jpg\" alt=\"Target Shooting Federation\" class=\"wp-image-4134 size-full\" srcset=\"https:\/\/gesport.unizar.es\/wp-content\/uploads\/2020\/04\/Italia-tiro-al-plato-4-2.jpg 640w, https:\/\/gesport.unizar.es\/wp-content\/uploads\/2020\/04\/Italia-tiro-al-plato-4-2-300x225.jpg 300w\" sizes=\"(max-width: 640px) 100vw, 640px\" \/><\/figure><div class=\"wp-block-media-text__content\">\n<p class=\"has-large-font-size\" style=\"line-height:1.3\"><strong><a href=\"https:\/\/gesport.unizar.es\/es\/interviews-italy\/emanuela-croce-bonomi\/\">Emanuela Croce Bonomi, Vicepresidenta interina de la Federaci\u00f3n italiana de tiro al vuelo<\/a><\/strong><\/p>\n<\/div><\/div>\n\n\n\n<div class=\"wp-block-media-text alignwide is-stacked-on-mobile\"><figure class=\"wp-block-media-text__media\"><img loading=\"lazy\" width=\"640\" height=\"480\" src=\"https:\/\/gesport.unizar.es\/wp-content\/uploads\/2020\/04\/Italia-hipica-5-1.jpg\" alt=\"FEDERATION OF EQUESTRIAN SPORTS\" class=\"wp-image-4152 size-full\" srcset=\"https:\/\/gesport.unizar.es\/wp-content\/uploads\/2020\/04\/Italia-hipica-5-1.jpg 640w, https:\/\/gesport.unizar.es\/wp-content\/uploads\/2020\/04\/Italia-hipica-5-1-300x225.jpg 300w\" sizes=\"(max-width: 640px) 100vw, 640px\" \/><\/figure><div class=\"wp-block-media-text__content\">\n<p class=\"has-large-font-size\" style=\"line-height:1.2\"><strong><a href=\"https:\/\/gesport.unizar.es\/es\/interviews-italy\/eleonora-di-giuseppe\">Eleonora Di Giuseppe, Miembro de la junta de la Federaci\u00f3n Italiana de Deportes Ecuestres<\/a><\/strong><\/p>\n<\/div><\/div>\n\n\n\n<div class=\"wp-block-media-text alignwide is-stacked-on-mobile\"><figure class=\"wp-block-media-text__media\"><img loading=\"lazy\" width=\"640\" height=\"398\" src=\"https:\/\/gesport.unizar.es\/wp-content\/uploads\/2020\/04\/Italia-atletismo-6-2.jpg\" alt=\"Athletics Federation\" class=\"wp-image-4174 size-full\" srcset=\"https:\/\/gesport.unizar.es\/wp-content\/uploads\/2020\/04\/Italia-atletismo-6-2.jpg 640w, https:\/\/gesport.unizar.es\/wp-content\/uploads\/2020\/04\/Italia-atletismo-6-2-300x187.jpg 300w\" sizes=\"(max-width: 640px) 100vw, 640px\" \/><\/figure><div class=\"wp-block-media-text__content\">\n<p class=\"has-large-font-size\" style=\"line-height:1.2\"><strong><a href=\"https:\/\/gesport.unizar.es\/es\/interviews-italy\/ida-nicolini\">Ida Nicolini, <strong>Vicepresidenta de la Federaci\u00f3n Italiana de Atletismo<\/strong><\/a><\/strong><\/p>\n<\/div><\/div>\n\n\n\n<div class=\"wp-block-media-text alignwide is-stacked-on-mobile\"><figure class=\"wp-block-media-text__media\"><img loading=\"lazy\" width=\"480\" height=\"640\" src=\"https:\/\/gesport.unizar.es\/wp-content\/uploads\/2020\/04\/Italia-atletismo-6-1-rotated.jpg\" alt=\"Athletics Federation\" class=\"wp-image-4173 size-full\" srcset=\"https:\/\/gesport.unizar.es\/wp-content\/uploads\/2020\/04\/Italia-atletismo-6-1-rotated.jpg 480w, https:\/\/gesport.unizar.es\/wp-content\/uploads\/2020\/04\/Italia-atletismo-6-1-225x300.jpg 225w\" sizes=\"(max-width: 480px) 100vw, 480px\" \/><\/figure><div class=\"wp-block-media-text__content\">\n<p class=\"has-large-font-size\" style=\"line-height:1.2\"><strong><a href=\"https:\/\/gesport.unizar.es\/es\/interviews-italy\/silvia-salis\">Silvia Salis, <strong>Miembro de la Junta de la Federaci\u00f3n Italiana de Atletismo<\/strong><\/a><\/strong><\/p>\n<\/div><\/div>\n\n\n\n<div class=\"wp-block-media-text alignwide is-stacked-on-mobile\"><figure class=\"wp-block-media-text__media\"><img loading=\"lazy\" width=\"640\" height=\"480\" src=\"https:\/\/gesport.unizar.es\/wp-content\/uploads\/2020\/04\/Italia-golf-7-1.jpg\" alt=\"Golf Federation\" class=\"wp-image-4177 size-full\" srcset=\"https:\/\/gesport.unizar.es\/wp-content\/uploads\/2020\/04\/Italia-golf-7-1.jpg 640w, https:\/\/gesport.unizar.es\/wp-content\/uploads\/2020\/04\/Italia-golf-7-1-300x225.jpg 300w\" sizes=\"(max-width: 640px) 100vw, 640px\" \/><\/figure><div class=\"wp-block-media-text__content\">\n<p class=\"has-large-font-size\" style=\"line-height:1.2\"><strong><a href=\"https:\/\/gesport.unizar.es\/es\/interviews-italy\/maria-amelia-lolli-ghetti\">Maria Amelia Lolli Ghetti, <strong>Vicepresidenta de la Federaci\u00f3n Italiana de Golf<\/strong><\/a><\/strong><\/p>\n<\/div><\/div>\n\n\n\n<div class=\"wp-block-media-text alignwide is-stacked-on-mobile\"><figure class=\"wp-block-media-text__media\"><img loading=\"lazy\" width=\"6000\" height=\"4000\" src=\"https:\/\/gesport.unizar.es\/wp-content\/uploads\/2022\/06\/IMG_5801-1.jpg\" alt=\"\" class=\"wp-image-8153 size-full\"\/><\/figure><div class=\"wp-block-media-text__content\">\n<p class=\"has-large-font-size\" style=\"line-height:1.2\"><strong><a href=\"https:\/\/gesport.unizar.es\/es\/tiziana-nasi\/\">Tiziana Nasi, Presidenta de la Federaci\u00f3n Paral\u00edmpica Italiana de Deportes de Invierno<\/a><\/strong><\/p>\n<\/div><\/div>\n\n\n\n<div class=\"wp-block-media-text alignwide is-stacked-on-mobile\"><figure class=\"wp-block-media-text__media\"><img loading=\"lazy\" width=\"6000\" height=\"4000\" src=\"https:\/\/gesport.unizar.es\/wp-content\/uploads\/2022\/06\/IMG_5851.jpg\" alt=\"\" class=\"wp-image-8155 size-full\"\/><\/figure><div class=\"wp-block-media-text__content\">\n<p class=\"has-large-font-size\" style=\"line-height:1.3\"><a href=\"https:\/\/gesport.unizar.es\/es\/chiara-pacchioni\/\"><strong>Chiara Pacchioni<\/strong>, <strong>Ex miembro de la Junta Directiva de la Federaci\u00f3n Italiana de B\u00e1dminton<\/strong><\/a><\/p>\n<\/div><\/div>\n\n\n\n<div class=\"wp-block-media-text alignwide is-stacked-on-mobile\"><figure class=\"wp-block-media-text__media\"><img loading=\"lazy\" width=\"6000\" height=\"4000\" src=\"https:\/\/gesport.unizar.es\/wp-content\/uploads\/2022\/10\/IMG_5874.jpg\" alt=\"\" class=\"wp-image-10192 size-full\"\/><\/figure><div class=\"wp-block-media-text__content\">\n<p class=\"has-large-font-size\" style=\"line-height:1.2\"><strong><a href=\"https:\/\/gesport.unizar.es\/es\/elisabetta-villa\/\">Elisabetta Villa, Vicepresidenta de la Federaci\u00f3n Italiana de Triatl\u00f3n<\/a><\/strong><\/p>\n<\/div><\/div>\n\n\n\n<div class=\"wp-block-media-text alignwide is-stacked-on-mobile\"><figure class=\"wp-block-media-text__media\"><img loading=\"lazy\" width=\"640\" height=\"640\" src=\"https:\/\/gesport.unizar.es\/wp-content\/uploads\/2020\/04\/Italia-Gimnasia-2-1.jpeg\" alt=\"ITALIAN GYMNASTICS FEDERATION\" class=\"wp-image-3946 size-full\" srcset=\"https:\/\/gesport.unizar.es\/wp-content\/uploads\/2020\/04\/Italia-Gimnasia-2-1.jpeg 640w, https:\/\/gesport.unizar.es\/wp-content\/uploads\/2020\/04\/Italia-Gimnasia-2-1-300x300.jpeg 300w, https:\/\/gesport.unizar.es\/wp-content\/uploads\/2020\/04\/Italia-Gimnasia-2-1-150x150.jpeg 150w\" sizes=\"(max-width: 640px) 100vw, 640px\" \/><\/figure><div class=\"wp-block-media-text__content\">\n<p class=\"has-large-font-size\" style=\"line-height:1.2\"><strong><a href=\"https:\/\/gesport.unizar.es\/es\/interviews-italy\/grazia-ciarlitto\/\">Grazia Ciarlitto, Miembro de la junta directiva de la Federaci\u00f3n Italiana de Gimnasia<\/a><\/strong><\/p>\n<\/div><\/div>\n\n\n\n<p><\/p>\n\n\n\n<p><\/p>\n","protected":false},"excerpt":{"rendered":"<p>Mara Invernizzi, Vicepresidenta de la Federaci\u00f3n Italiana de Baloncesto Fabrizia D\u2019Ottavio, Miembro de la junta directiva de la Federaci\u00f3n Italiana de Gimnasia Daniela Isetti, Vicepresidenta Adjunta de la Federaci\u00f3n Italiana de Ciclismo Emanuela Croce Bonomi, Vicepresidenta interina de la Federaci\u00f3n italiana de tiro al vuelo Eleonora Di Giuseppe, Miembro de la junta de la Federaci\u00f3n &hellip;<\/p>\n<p class=\"read-more\"> <a class=\"\" href=\"https:\/\/gesport.unizar.es\/es\/interviews-italy\/\"> <span class=\"screen-reader-text\">Entrevistas Italia<\/span> Leer m\u00e1s &raquo;<\/a><\/p>\n","protected":false},"author":3,"featured_media":0,"parent":0,"menu_order":0,"comment_status":"closed","ping_status":"closed","template":"","meta":{"site-sidebar-layout":"default","site-content-layout":"default","ast-global-header-display":"","ast-main-header-display":"","ast-hfb-above-header-display":"","ast-hfb-below-header-display":"","ast-hfb-mobile-header-display":"","site-post-title":"","ast-breadcrumbs-content":"","ast-featured-img":"","footer-sml-layout":"","theme-transparent-header-meta":"","adv-header-id-meta":"","stick-header-meta":"","header-above-stick-meta":"","header-main-stick-meta":"","header-below-stick-meta":""},"translation":{"provider":"WPGlobus","version":"2.10.4","language":"es","enabled_languages":["gb","es","tr","it","pt"],"languages":{"gb":{"title":true,"content":true,"excerpt":false},"es":{"title":true,"content":true,"excerpt":false},"tr":{"title":true,"content":true,"excerpt":false},"it":{"title":true,"content":true,"excerpt":false},"pt":{"title":true,"content":true,"excerpt":false}}},"yoast_head":"<!-- This site is optimized with the Yoast SEO plugin v19.7.1 - https:\/\/yoast.com\/wordpress\/plugins\/seo\/ -->\n<title>Entrevistas Italia - GESPORT+ educa<\/title>\n<meta name=\"robots\" content=\"index, follow, max-snippet:-1, max-image-preview:large, max-video-preview:-1\" \/>\n<link rel=\"canonical\" href=\"https:\/\/gesport.unizar.es\/interviews-italy\/\" \/>\n<meta property=\"og:locale\" content=\"es_ES\" \/>\n<meta property=\"og:type\" content=\"article\" \/>\n<meta property=\"og:title\" content=\"Entrevistas Italia - GESPORT+ educa\" \/>\n<meta property=\"og:url\" content=\"https:\/\/gesport.unizar.es\/interviews-italy\/\" \/>\n<meta property=\"og:site_name\" content=\"GESPORT+ educa\" \/>\n<meta property=\"article:modified_time\" content=\"2022-10-17T11:02:15+00:00\" \/>\n<meta property=\"og:image\" content=\"https:\/\/gesport.unizar.es\/wp-content\/uploads\/2022\/09\/PHOTO-2022-07-08-17-13-27.jpg\" \/>\n<meta name=\"twitter:card\" content=\"summary_large_image\" \/>\n<meta name=\"twitter:label1\" content=\"Tiempo de lectura\" \/>\n\t<meta name=\"twitter:data1\" content=\"3 minutos\" \/>\n<script type=\"application\/ld+json\" class=\"yoast-schema-graph\">{\"@context\":\"https:\/\/schema.org\",\"@graph\":[{\"@type\":\"WebPage\",\"@id\":\"https:\/\/gesport.unizar.es\/interviews-italy\/\",\"url\":\"https:\/\/gesport.unizar.es\/interviews-italy\/\",\"name\":\"Entrevistas Italia - GESPORT+ educa\",\"isPartOf\":{\"@id\":\"https:\/\/gesport.unizar.es\/#website\"},\"datePublished\":\"2020-05-05T15:27:10+00:00\",\"dateModified\":\"2022-10-17T11:02:15+00:00\",\"breadcrumb\":{\"@id\":\"https:\/\/gesport.unizar.es\/interviews-italy\/#breadcrumb\"},\"inLanguage\":\"es\",\"potentialAction\":[{\"@type\":\"ReadAction\",\"target\":[\"https:\/\/gesport.unizar.es\/interviews-italy\/\"]}]},{\"@type\":\"BreadcrumbList\",\"@id\":\"https:\/\/gesport.unizar.es\/interviews-italy\/#breadcrumb\",\"itemListElement\":[{\"@type\":\"ListItem\",\"position\":1,\"name\":\"Portada\",\"item\":\"https:\/\/gesport.unizar.es\/\"},{\"@type\":\"ListItem\",\"position\":2,\"name\":\"Entrevistas Italia\"}]},{\"@type\":\"WebSite\",\"@id\":\"https:\/\/gesport.unizar.es\/#website\",\"url\":\"https:\/\/gesport.unizar.es\/\",\"name\":\"GESPORT+\",\"description\":\"GESPORT+ project website. GESPORT+ project seeks to strengthen equality between men and women in decision- making spaces in sports organizations such as the board of directors. \",\"publisher\":{\"@id\":\"https:\/\/gesport.unizar.es\/#organization\"},\"potentialAction\":[{\"@type\":\"SearchAction\",\"target\":{\"@type\":\"EntryPoint\",\"urlTemplate\":\"https:\/\/gesport.unizar.es\/?s={search_term_string}\"},\"query-input\":\"required name=search_term_string\"}],\"inLanguage\":\"es\"},{\"@type\":\"Organization\",\"@id\":\"https:\/\/gesport.unizar.es\/#organization\",\"name\":\"GESPORT Erasmus+\",\"url\":\"https:\/\/gesport.unizar.es\/\",\"sameAs\":[],\"logo\":{\"@type\":\"ImageObject\",\"inLanguage\":\"es\",\"@id\":\"https:\/\/gesport.unizar.es\/#\/schema\/logo\/image\/\",\"url\":\"http:\/\/gesport.unizar.es\/wp-content\/uploads\/2018\/12\/4.jpg\",\"contentUrl\":\"http:\/\/gesport.unizar.es\/wp-content\/uploads\/2018\/12\/4.jpg\",\"width\":400,\"height\":400,\"caption\":\"GESPORT Erasmus+\"},\"image\":{\"@id\":\"https:\/\/gesport.unizar.es\/#\/schema\/logo\/image\/\"}}]}<\/script>\n<!-- \/ Yoast SEO plugin. -->","yoast_head_json":{"title":"Entrevistas Italia - GESPORT+ educa","robots":{"index":"index","follow":"follow","max-snippet":"max-snippet:-1","max-image-preview":"max-image-preview:large","max-video-preview":"max-video-preview:-1"},"canonical":"https:\/\/gesport.unizar.es\/interviews-italy\/","og_locale":"es_ES","og_type":"article","og_title":"Entrevistas Italia - GESPORT+ educa","og_url":"https:\/\/gesport.unizar.es\/interviews-italy\/","og_site_name":"GESPORT+ educa","article_modified_time":"2022-10-17T11:02:15+00:00","og_image":[{"url":"https:\/\/gesport.unizar.es\/wp-content\/uploads\/2022\/09\/PHOTO-2022-07-08-17-13-27.jpg"}],"twitter_card":"summary_large_image","twitter_misc":{"Tiempo de lectura":"3 minutos"},"schema":{"@context":"https:\/\/schema.org","@graph":[{"@type":"WebPage","@id":"https:\/\/gesport.unizar.es\/interviews-italy\/","url":"https:\/\/gesport.unizar.es\/interviews-italy\/","name":"Entrevistas Italia - GESPORT+ educa","isPartOf":{"@id":"https:\/\/gesport.unizar.es\/#website"},"datePublished":"2020-05-05T15:27:10+00:00","dateModified":"2022-10-17T11:02:15+00:00","breadcrumb":{"@id":"https:\/\/gesport.unizar.es\/interviews-italy\/#breadcrumb"},"inLanguage":"es","potentialAction":[{"@type":"ReadAction","target":["https:\/\/gesport.unizar.es\/interviews-italy\/"]}]},{"@type":"BreadcrumbList","@id":"https:\/\/gesport.unizar.es\/interviews-italy\/#breadcrumb","itemListElement":[{"@type":"ListItem","position":1,"name":"Portada","item":"https:\/\/gesport.unizar.es\/"},{"@type":"ListItem","position":2,"name":"Entrevistas Italia"}]},{"@type":"WebSite","@id":"https:\/\/gesport.unizar.es\/#website","url":"https:\/\/gesport.unizar.es\/","name":"GESPORT+","description":"GESPORT+ project website. GESPORT+ project seeks to strengthen equality between men and women in decision- making spaces in sports organizations such as the board of directors. ","publisher":{"@id":"https:\/\/gesport.unizar.es\/#organization"},"potentialAction":[{"@type":"SearchAction","target":{"@type":"EntryPoint","urlTemplate":"https:\/\/gesport.unizar.es\/?s={search_term_string}"},"query-input":"required name=search_term_string"}],"inLanguage":"es"},{"@type":"Organization","@id":"https:\/\/gesport.unizar.es\/#organization","name":"GESPORT Erasmus+","url":"https:\/\/gesport.unizar.es\/","sameAs":[],"logo":{"@type":"ImageObject","inLanguage":"es","@id":"https:\/\/gesport.unizar.es\/#\/schema\/logo\/image\/","url":"http:\/\/gesport.unizar.es\/wp-content\/uploads\/2018\/12\/4.jpg","contentUrl":"http:\/\/gesport.unizar.es\/wp-content\/uploads\/2018\/12\/4.jpg","width":400,"height":400,"caption":"GESPORT Erasmus+"},"image":{"@id":"https:\/\/gesport.unizar.es\/#\/schema\/logo\/image\/"}}]}},"_links":{"self":[{"href":"https:\/\/gesport.unizar.es\/es\/wp-json\/wp\/v2\/pages\/4312"}],"collection":[{"href":"https:\/\/gesport.unizar.es\/es\/wp-json\/wp\/v2\/pages"}],"about":[{"href":"https:\/\/gesport.unizar.es\/es\/wp-json\/wp\/v2\/types\/page"}],"author":[{"embeddable":true,"href":"https:\/\/gesport.unizar.es\/es\/wp-json\/wp\/v2\/users\/3"}],"replies":[{"embeddable":true,"href":"https:\/\/gesport.unizar.es\/es\/wp-json\/wp\/v2\/comments?post=4312"}],"version-history":[{"count":88,"href":"https:\/\/gesport.unizar.es\/es\/wp-json\/wp\/v2\/pages\/4312\/revisions"}],"predecessor-version":[{"id":10342,"href":"https:\/\/gesport.unizar.es\/es\/wp-json\/wp\/v2\/pages\/4312\/revisions\/10342"}],"wp:attachment":[{"href":"https:\/\/gesport.unizar.es\/es\/wp-json\/wp\/v2\/media?parent=4312"}],"curies":[{"name":"wp","href":"https:\/\/api.w.org\/{rel}","templated":true}]}}