{"id":352,"date":"2018-09-23T10:48:32","date_gmt":"2018-09-23T10:48:32","guid":{"rendered":"http:\/\/gesport.unizar.es\/?page_id=352"},"modified":"2022-10-03T14:49:44","modified_gmt":"2022-10-03T14:49:44","slug":"scholars","status":"publish","type":"page","link":"https:\/\/gesport.unizar.es\/es\/scholars\/","title":{"rendered":"Becarios\/as"},"content":{"rendered":"\n<h5 class=\"trans-verified-button-small\" id=\"gt-res-dir-ctr\"><span id=\"result_box\" lang=\"es\" class=\"\"><span title=\"These are the scholars who have collaborated in Gesport + Educa.\">Estos son los <strong>estudiantes que colaboran<\/strong> en Gesport + Educa. \u00bfQuieres saber un poco m\u00e1s sobre ellos?<\/span><\/span><\/h5>\n\n\n\n<div class=\"wp-block-image\"><figure class=\"alignleft is-resized\"><img loading=\"lazy\" src=\"http:\/\/gesport.unizar.es\/wp-content\/uploads\/2019\/01\/carnet2-2-300x300.jpg\" alt=\"\" class=\"wp-image-2746\" width=\"150\" height=\"150\" srcset=\"https:\/\/gesport.unizar.es\/wp-content\/uploads\/2019\/01\/carnet2-2-300x300.jpg 300w, https:\/\/gesport.unizar.es\/wp-content\/uploads\/2019\/01\/carnet2-2-150x150.jpg 150w, https:\/\/gesport.unizar.es\/wp-content\/uploads\/2019\/01\/carnet2-2.jpg 354w\" sizes=\"(max-width: 150px) 100vw, 150px\" \/><\/figure><\/div>\n\n\n\n<p><strong>RUTH ESTEBAN ESTEBAN<\/strong> (<span id=\"result_box\" class=\"\" lang=\"es\"><span title=\"RUTH ESTEBAN ESTEBAN ( May 2018 \/ July 2018) \">mayo de 2018 \/ julio de 2018)<\/span><\/span><\/p>\n\n\n\n<p><span title=\"Ruth (1992), was borned in a small village called Blancas (Spain), studied Industrial Design in Valencia.\">Ruth (1992), naci\u00f3 en un peque\u00f1o pueblo llamado Blancas (Espa\u00f1a), estudi\u00f3 <strong>Grado en Dise\u00f1o Industrial<\/strong> en Valencia. <\/span><span title=\"After working in the marketing department of a consultancy, she decided to study the Master of Arts teacher in Teruel.\">Despu\u00e9s de trabajar en el departamento de marketing de una consultora, decidi\u00f3 estudiar el <strong>M\u00e1ster de Profesorado<\/strong> de Artes en Teruel.<br><\/span><span id=\"result_box\" class=\"\" lang=\"es\"><span title=\"She participated on the development of the website and the management of this at the beginning of the GESPORT + project. \">Particip\u00f3 en el desarrollo del sitio web y su gesti\u00f3n al inicio del proyecto GESPORT +.<\/span><\/span><\/p>\n\n\n\n<br>\n\n\n\n<div class=\"wp-block-image\"><figure class=\"alignleft is-resized\"><img loading=\"lazy\" src=\"http:\/\/gesport.unizar.es\/wp-content\/uploads\/2019\/01\/ele1.png\" alt=\"\" class=\"wp-image-2760\" width=\"153\" height=\"153\" srcset=\"https:\/\/gesport.unizar.es\/wp-content\/uploads\/2019\/01\/ele1.png 406w, https:\/\/gesport.unizar.es\/wp-content\/uploads\/2019\/01\/ele1-150x150.png 150w, https:\/\/gesport.unizar.es\/wp-content\/uploads\/2019\/01\/ele1-300x300.png 300w\" sizes=\"(max-width: 153px) 100vw, 153px\" \/><\/figure><\/div>\n\n\n\n<p><strong>ELENA GIL JUANA <\/strong>(Octubre 2018 \/ Julio 2019)<\/p>\n\n\n\n<p><span lang=\"en\"><span id=\"result_box\" class=\"\" lang=\"es\"><span title=\"Elena (1994) was borned in Molina de Arag\u00f3n (Spain).\">Elena (1994) naci\u00f3 en Molina de Arag\u00f3n (Espa\u00f1a). <\/span><span title=\"She studied fines arts in Cuenca and a master of stamp and graphic design in The F\u00e1brica Nacional de Moneda y Timbre (Madrid).\">Estudi\u00f3 el <strong>Grado en Bellas Artes<\/strong> en Cuenca y <strong>M\u00e1ster en Grabado y Dise\u00f1o Gr\u00e1fico<\/strong> en la Real Casa de la Moneda (Madrid).<br><\/span><span title=\"Nowadays she starts the Master of Arts teacher in Teruel and participates on the development of the website, design of the logo catalogue, an electronic book and diverse graphic material of the project of GESPORT + project. \">Estudi\u00f3 el <strong>M\u00e1ster de Profesorado<\/strong> en Teruel y particip\u00f3 en el desarrollo del sitio web, el dise\u00f1o del cat\u00e1logo de logotipos, un libro electr\u00f3nico y diversos materiales gr\u00e1ficos del proyecto GESPORT +.<\/span><\/span><\/span><\/p>\n\n\n\n<br>\n\n\n\n<div class=\"wp-block-image\"><figure class=\"alignleft\"><img loading=\"lazy\" width=\"150\" height=\"150\" src=\"http:\/\/gesport.unizar.es\/wp-content\/uploads\/2019\/11\/ana_t_r-150x150.png\" alt=\"\" class=\"wp-image-3169\" srcset=\"https:\/\/gesport.unizar.es\/wp-content\/uploads\/2019\/11\/ana_t_r-150x150.png 150w, https:\/\/gesport.unizar.es\/wp-content\/uploads\/2019\/11\/ana_t_r-300x300.png 300w, https:\/\/gesport.unizar.es\/wp-content\/uploads\/2019\/11\/ana_t_r.png 463w\" sizes=\"(max-width: 150px) 100vw, 150px\" \/><\/figure><\/div>\n\n\n\n<p><strong>ANA TORTAJADA REM\u00d3N&nbsp;<\/strong>(Febrero 2020 \/ Diciembre 2021)<\/p>\n\n\n\n<p><span id=\"result_box\"><span title=\"Nowadays she starts the Master of Arts teacher in Teruel and participates on the development of the website, design of the logo catalogue, an electronic book and diverse graphic material of the project of GESPORT + project. \">Ana (1996) naci\u00f3 en Teruel(Espa\u00f1a). Hizo el ciclo formativo de grado superior de <strong>Administraci\u00f3n de Sistemas Inform\u00e1ticos en Red<\/strong> en Teruel. Actualmente est\u00e1 estudiando <strong>Ingenier\u00eda inform\u00e1tica<\/strong> en la Escuela Polit\u00e9cnica de Teruel. Particip\u00f3 en la gesti\u00f3n de las bases de datos del proyecto GESPORT + en 2019.&nbsp; Ahora est\u00e1 participando en el desarrollo del sitio web.<\/span><\/span> Adem\u00e1s, participa en la organizaci\u00f3n de las entrevistas en el sitio web. Ha colaborado activamente en los aspectos t\u00e9cnicos para la organizaci\u00f3n del Congreso Internacional de Perspectivas Multidisciplinares sobre Igualdad y Diversidad en el Deporte, especialmente en el dise\u00f1o de la plataforma inform\u00e1tica para albergar la informaci\u00f3n del congreso.<\/p>\n\n\n\n<br>\n\n\n\n<div class=\"wp-block-image\"><figure class=\"alignleft is-resized\"><img loading=\"lazy\" src=\"http:\/\/gesport.unizar.es\/wp-content\/uploads\/2020\/04\/DiegoRodriguez-300x300.png\" alt=\"Diego Rodriguez\" class=\"wp-image-3872\" width=\"148\" height=\"148\" srcset=\"https:\/\/gesport.unizar.es\/wp-content\/uploads\/2020\/04\/DiegoRodriguez-300x300.png 300w, https:\/\/gesport.unizar.es\/wp-content\/uploads\/2020\/04\/DiegoRodriguez-1024x1024.png 1024w, https:\/\/gesport.unizar.es\/wp-content\/uploads\/2020\/04\/DiegoRodriguez-150x150.png 150w, https:\/\/gesport.unizar.es\/wp-content\/uploads\/2020\/04\/DiegoRodriguez-768x768.png 768w, https:\/\/gesport.unizar.es\/wp-content\/uploads\/2020\/04\/DiegoRodriguez.png 1509w\" sizes=\"(max-width: 148px) 100vw, 148px\" \/><\/figure><\/div>\n\n\n\n<p><strong>DIEGO RODRIGUEZ SORIA<\/strong>&nbsp;(Febrero 2020\/ Julio 2020)<\/p>\n\n\n\n<p>Diego (1995) naci\u00f3 en Zaragoza (Espa\u00f1a). Actualmente se encuentra estudiando el cuarto curso del <strong>Grado en Bellas Artes<\/strong> en Teruel, as\u00ed como colaborando con la edici\u00f3n del apartado audiovisual para el sitio web del proyecto GESPORT +<\/p>\n\n\n\n<p><\/p>\n\n\n\n<br>\n\n\n\n<div class=\"wp-block-image\"><figure class=\"alignleft is-resized\"><img loading=\"lazy\" src=\"http:\/\/gesport.unizar.es\/wp-content\/uploads\/2020\/04\/circle-cropped-300x300.png\" alt=\"\" class=\"wp-image-3926\" width=\"150\" height=\"150\n\" srcset=\"https:\/\/gesport.unizar.es\/wp-content\/uploads\/2020\/04\/circle-cropped-300x300.png 300w, https:\/\/gesport.unizar.es\/wp-content\/uploads\/2020\/04\/circle-cropped-150x150.png 150w, https:\/\/gesport.unizar.es\/wp-content\/uploads\/2020\/04\/circle-cropped-768x768.png 768w, https:\/\/gesport.unizar.es\/wp-content\/uploads\/2020\/04\/circle-cropped.png 864w\" sizes=\"(max-width: 300px) 100vw, 300px\" \/><\/figure><\/div>\n\n\n\n<p><strong>GUILLERMO MAZA MAR\u00cdN<\/strong> (Febrero 2020\/ Julio 2020)<\/p>\n\n\n\n<p>(1995) naci\u00f3 en Zaragoza (Espa\u00f1a). Estudi\u00f3 <strong>Magisterio<\/strong> en la Universidad de Zaragoza.Actualmente, estudiante de cuarto curso de<strong> Bellas Artes<\/strong> en&nbsp; Teruel.&nbsp; Participa en la edici\u00f3n del apartado audiovisual para el sitio web del proyecto GESPORT +<\/p>\n\n\n\n<br>\n\n\n\n<div class=\"wp-block-image is-style-rounded\"><figure class=\"alignleft size-large is-resized\"><img loading=\"lazy\" src=\"http:\/\/gesport.unizar.es\/wp-content\/uploads\/2021\/03\/Laura_Peiro-edited.jpg\" alt=\"\" class=\"wp-image-5461\" width=\"148\" height=\"148\" srcset=\"https:\/\/gesport.unizar.es\/wp-content\/uploads\/2021\/03\/Laura_Peiro-edited.jpg 792w, https:\/\/gesport.unizar.es\/wp-content\/uploads\/2021\/03\/Laura_Peiro-edited-300x300.jpg 300w, https:\/\/gesport.unizar.es\/wp-content\/uploads\/2021\/03\/Laura_Peiro-edited-150x150.jpg 150w, https:\/\/gesport.unizar.es\/wp-content\/uploads\/2021\/03\/Laura_Peiro-edited-768x769.jpg 768w, https:\/\/gesport.unizar.es\/wp-content\/uploads\/2021\/03\/Laura_Peiro-edited-24x24.jpg 24w, https:\/\/gesport.unizar.es\/wp-content\/uploads\/2021\/03\/Laura_Peiro-edited-36x36.jpg 36w, https:\/\/gesport.unizar.es\/wp-content\/uploads\/2021\/03\/Laura_Peiro-edited-48x48.jpg 48w\" sizes=\"(max-width: 148px) 100vw, 148px\" \/><\/figure><\/div>\n\n\n\n<p><strong>LAURA PEIR\u00d3 M\u00c1RQUEZ<\/strong>&nbsp;(February 2021 \/ August 2021)<br>Laura (1995) naci\u00f3 en Zaragoza (Espa\u00f1a), donde curs\u00f3 el grado en Lenguas Modernas y el grado en Filolog\u00eda Espa\u00f1ola. Tras su finalizaci\u00f3n se traslad\u00f3 a Vitoria, en el norte de Espa\u00f1a, para estudiar un M\u00e1ster en Adquisici\u00f3n de Segunda Lengua. Ha compaginado su participaci\u00f3n en el proyecto GESPORT+ con el M\u00e1ster de Did\u00e1ctica en Zaragoza. Ha colaborado activamente en el impulso de las redes sociales y en la organizaci\u00f3n de la International Conference on Multidisciplinary Perspectives on Equality and Diversity in Sports, especialmente en labores de publicidad y traducci\u00f3n.<\/p>\n\n\n\n<br>\n\n\n\n<div class=\"wp-block-image is-style-rounded\"><figure class=\"alignleft size-full is-resized\"><img loading=\"lazy\" src=\"https:\/\/gesport.unizar.es\/wp-content\/uploads\/2022\/02\/Foto_CV_Marta.png\" alt=\"\" class=\"wp-image-7428\" width=\"171\" height=\"171\"\/><\/figure><\/div>\n\n\n\n<p><strong>MARTA BURRIEL LE\u00d3N <\/strong>(Febrero 2021\/Julio 2022)<\/p>\n\n\n\n<p>Nace en Zaragoza (2000) donde comenz\u00f3 sus estudios en el \u00e1mbito art\u00edstico para m\u00e1s tarde trasladarse a Teruel, en donde cursa<strong> Bellas  Artes<\/strong>. Adem\u00e1s de participar en el proyecto GESPORT + realiza proyectos art\u00edsticos aunando arte y entorno. Ella ha dise\u00f1ado el material gr\u00e1fico de la International Conference on Multidisciplinary Perspectives on Equality and Diversity in Sports, as\u00ed como el libro de abstracts de la<br>conferencia. Actualmente participa en la elaboraci\u00f3n de productos intelectuales relacionados con la maquetaci\u00f3n de los videos de las entrevistas y de otros manuales del proyecto.<\/p>\n\n\n\n<br>\n\n\n\n<div class=\"wp-block-image is-style-rounded\"><figure class=\"alignleft size-full is-resized\"><img loading=\"lazy\" src=\"https:\/\/gesport.unizar.es\/wp-content\/uploads\/2022\/02\/foto_perfil.webp\" alt=\"\" class=\"wp-image-7191\" width=\"148\" height=\"148\"\/><\/figure><\/div>\n\n\n\n<p><strong>LETICIA S\u00c1NCHEZ ROMERO<\/strong> (Febrero 2022 \/ Julio 2022)<\/p>\n\n\n\n<p>Leticia (1999) naci\u00f3 en Zaragoza (Espa\u00f1a), donde est\u00e1 terminando de cursar el grado en <strong>Ingenier\u00eda Inform\u00e1tica<\/strong>.  Colabora en tareas relacionadas con la gesti\u00f3n de bases de datos y productos intelectuales relacionados con entrevistas y videos en la web del proyecto GESPORT+<\/p>\n\n\n\n<br>\n\n\n\n<div class=\"wp-block-image is-style-rounded\"><figure class=\"alignleft size-full is-resized\"><img src=\"https:\/\/gesport.unizar.es\/wp-content\/uploads\/2022\/03\/becaria_Irene.jpeg\" alt=\"\" class=\"wp-image-7502\" width=\"171\" srcset=\"https:\/\/gesport.unizar.es\/wp-content\/uploads\/2022\/03\/becaria_Irene.jpeg 471w, https:\/\/gesport.unizar.es\/wp-content\/uploads\/2022\/03\/becaria_Irene-300x231.jpeg 300w, https:\/\/gesport.unizar.es\/wp-content\/uploads\/2022\/03\/becaria_Irene-24x18.jpeg 24w, https:\/\/gesport.unizar.es\/wp-content\/uploads\/2022\/03\/becaria_Irene-36x28.jpeg 36w, https:\/\/gesport.unizar.es\/wp-content\/uploads\/2022\/03\/becaria_Irene-48x37.jpeg 48w\" sizes=\"(max-width: 471px) 100vw, 471px\" \/><\/figure><\/div>\n\n\n\n<p><strong>IRENE S\u00c1EZ RIVAS <\/strong>(Febrrero 2022 \/ Julio 2022)<\/p>\n\n\n\n<p>Irene (2000) naci\u00f3 en Teruel (Espa\u00f1a). Actualmente cursa cuarto curso de<strong> educaci\u00f3n infantil<\/strong> en Teruel. Colabora en tareas de tareas de subtitulaci\u00f3n y traducci\u00f3n relacionadas con los productos intelectuales relacionados con las entrevistas y videos en el sitio web del proyecto GESPORT +.<\/p>\n\n\n\n<br><br>\n\n\n\n<h2 class=\"section-title section_title_1\">BECAS 2020\/21<\/h2>\n\n\n\n<p><span id=\"result_box\" class=\"\" lang=\"es\"><span title=\"ERASMUS+ SPORT 590521\u2010EPP\u20101\u20102017\u20101\u2010ES\u2010SPO\u2010SCP of Education, Audiovisual and Culture Executive Agency (EACEA). \">ERASMUS + SPORT 590521 \u2010 EPP \u2010 1\u20102017\u20101 \u2010 ES \u2010 SPO \u2010 SCP de la Agencia Ejecutiva de Educaci\u00f3n, Audiovisual y Cultura (EACEA).<\/span><\/span><\/p>\n\n\n\n<p><span title=\"View final resolution: http:\/\/fcsh.unizar.es\/resolucion-definitiva-de-la-comision-de-seleccion-1-beca-de-apoyo-para-tareas-de-getion-y-servicios-en-\">Ver resoluci\u00f3n final:<\/span> <a href=\"https:\/\/fcsh.unizar.es\/noticias\/resolucion-provisional-3-becas-de-apoyo-proyecto-erasmus-sport\">https:\/\/fcsh.unizar.es\/noticias\/resolucion-provisional-3-becas-de-apoyo-proyecto-erasmus-sport<\/a><\/p>\n\n\n\n<h2>BECAS 2021\/22<\/h2>\n\n\n\n<p>Resoluci\u00f3n definitiva: <a href=\"https:\/\/fcsh.unizar.es\/noticias\/becas-de-apoyo-resolucion-definitiva\">https:\/\/fcsh.unizar.es\/noticias\/becas-de-apoyo-resolucion-definitiva<\/a><\/p>\n","protected":false},"excerpt":{"rendered":"<p>Estos son los estudiantes que colaboran en Gesport + Educa. \u00bfQuieres saber un poco m\u00e1s sobre ellos? RUTH ESTEBAN ESTEBAN (mayo de 2018 \/ julio de 2018) Ruth (1992), naci\u00f3 en un peque\u00f1o pueblo llamado Blancas (Espa\u00f1a), estudi\u00f3 Grado en Dise\u00f1o Industrial en Valencia. Despu\u00e9s de trabajar en el departamento de marketing de una consultora, &hellip;<\/p>\n<p class=\"read-more\"> <a class=\"\" href=\"https:\/\/gesport.unizar.es\/es\/scholars\/\"> <span class=\"screen-reader-text\">Becarios\/as<\/span> Leer m\u00e1s &raquo;<\/a><\/p>\n","protected":false},"author":3,"featured_media":0,"parent":0,"menu_order":0,"comment_status":"closed","ping_status":"closed","template":"","meta":{"site-sidebar-layout":"default","site-content-layout":"default","ast-global-header-display":"","ast-main-header-display":"","ast-hfb-above-header-display":"","ast-hfb-below-header-display":"","ast-hfb-mobile-header-display":"","site-post-title":"","ast-breadcrumbs-content":"","ast-featured-img":"","footer-sml-layout":"","theme-transparent-header-meta":"","adv-header-id-meta":"","stick-header-meta":"","header-above-stick-meta":"","header-main-stick-meta":"","header-below-stick-meta":""},"translation":{"provider":"WPGlobus","version":"2.10.4","language":"es","enabled_languages":["gb","es","tr","it","pt"],"languages":{"gb":{"title":true,"content":true,"excerpt":false},"es":{"title":true,"content":true,"excerpt":false},"tr":{"title":true,"content":true,"excerpt":false},"it":{"title":true,"content":true,"excerpt":false},"pt":{"title":true,"content":true,"excerpt":false}}},"yoast_head":"<!-- This site is optimized with the Yoast SEO plugin v19.7.1 - https:\/\/yoast.com\/wordpress\/plugins\/seo\/ -->\n<title>Becarios\/as - GESPORT+ educa<\/title>\n<meta name=\"robots\" content=\"index, follow, max-snippet:-1, max-image-preview:large, max-video-preview:-1\" \/>\n<link rel=\"canonical\" href=\"https:\/\/gesport.unizar.es\/scholars\/\" \/>\n<meta property=\"og:locale\" content=\"es_ES\" \/>\n<meta property=\"og:type\" content=\"article\" \/>\n<meta property=\"og:title\" content=\"Becarios\/as - GESPORT+ educa\" \/>\n<meta property=\"og:url\" content=\"https:\/\/gesport.unizar.es\/scholars\/\" \/>\n<meta property=\"og:site_name\" content=\"GESPORT+ educa\" \/>\n<meta property=\"article:modified_time\" content=\"2022-10-03T14:49:44+00:00\" \/>\n<meta property=\"og:image\" content=\"http:\/\/gesport.unizar.es\/wp-content\/uploads\/2019\/01\/carnet2-2-300x300.jpg\" \/>\n<meta name=\"twitter:card\" content=\"summary_large_image\" \/>\n<meta name=\"twitter:label1\" content=\"Tiempo de lectura\" \/>\n\t<meta name=\"twitter:data1\" content=\"5 minutos\" \/>\n<script type=\"application\/ld+json\" class=\"yoast-schema-graph\">{\"@context\":\"https:\/\/schema.org\",\"@graph\":[{\"@type\":\"WebPage\",\"@id\":\"https:\/\/gesport.unizar.es\/scholars\/\",\"url\":\"https:\/\/gesport.unizar.es\/scholars\/\",\"name\":\"Becarios\/as - GESPORT+ educa\",\"isPartOf\":{\"@id\":\"https:\/\/gesport.unizar.es\/#website\"},\"datePublished\":\"2018-09-23T10:48:32+00:00\",\"dateModified\":\"2022-10-03T14:49:44+00:00\",\"breadcrumb\":{\"@id\":\"https:\/\/gesport.unizar.es\/scholars\/#breadcrumb\"},\"inLanguage\":\"es\",\"potentialAction\":[{\"@type\":\"ReadAction\",\"target\":[\"https:\/\/gesport.unizar.es\/scholars\/\"]}]},{\"@type\":\"BreadcrumbList\",\"@id\":\"https:\/\/gesport.unizar.es\/scholars\/#breadcrumb\",\"itemListElement\":[{\"@type\":\"ListItem\",\"position\":1,\"name\":\"Portada\",\"item\":\"https:\/\/gesport.unizar.es\/\"},{\"@type\":\"ListItem\",\"position\":2,\"name\":\"Becarios\/as\"}]},{\"@type\":\"WebSite\",\"@id\":\"https:\/\/gesport.unizar.es\/#website\",\"url\":\"https:\/\/gesport.unizar.es\/\",\"name\":\"GESPORT+\",\"description\":\"GESPORT+ project website. GESPORT+ project seeks to strengthen equality between men and women in decision- making spaces in sports organizations such as the board of directors. \",\"publisher\":{\"@id\":\"https:\/\/gesport.unizar.es\/#organization\"},\"potentialAction\":[{\"@type\":\"SearchAction\",\"target\":{\"@type\":\"EntryPoint\",\"urlTemplate\":\"https:\/\/gesport.unizar.es\/?s={search_term_string}\"},\"query-input\":\"required name=search_term_string\"}],\"inLanguage\":\"es\"},{\"@type\":\"Organization\",\"@id\":\"https:\/\/gesport.unizar.es\/#organization\",\"name\":\"GESPORT Erasmus+\",\"url\":\"https:\/\/gesport.unizar.es\/\",\"sameAs\":[],\"logo\":{\"@type\":\"ImageObject\",\"inLanguage\":\"es\",\"@id\":\"https:\/\/gesport.unizar.es\/#\/schema\/logo\/image\/\",\"url\":\"http:\/\/gesport.unizar.es\/wp-content\/uploads\/2018\/12\/4.jpg\",\"contentUrl\":\"http:\/\/gesport.unizar.es\/wp-content\/uploads\/2018\/12\/4.jpg\",\"width\":400,\"height\":400,\"caption\":\"GESPORT Erasmus+\"},\"image\":{\"@id\":\"https:\/\/gesport.unizar.es\/#\/schema\/logo\/image\/\"}}]}<\/script>\n<!-- \/ Yoast SEO plugin. -->","yoast_head_json":{"title":"Becarios\/as - GESPORT+ educa","robots":{"index":"index","follow":"follow","max-snippet":"max-snippet:-1","max-image-preview":"max-image-preview:large","max-video-preview":"max-video-preview:-1"},"canonical":"https:\/\/gesport.unizar.es\/scholars\/","og_locale":"es_ES","og_type":"article","og_title":"Becarios\/as - GESPORT+ educa","og_url":"https:\/\/gesport.unizar.es\/scholars\/","og_site_name":"GESPORT+ educa","article_modified_time":"2022-10-03T14:49:44+00:00","og_image":[{"url":"http:\/\/gesport.unizar.es\/wp-content\/uploads\/2019\/01\/carnet2-2-300x300.jpg"}],"twitter_card":"summary_large_image","twitter_misc":{"Tiempo de lectura":"5 minutos"},"schema":{"@context":"https:\/\/schema.org","@graph":[{"@type":"WebPage","@id":"https:\/\/gesport.unizar.es\/scholars\/","url":"https:\/\/gesport.unizar.es\/scholars\/","name":"Becarios\/as - GESPORT+ educa","isPartOf":{"@id":"https:\/\/gesport.unizar.es\/#website"},"datePublished":"2018-09-23T10:48:32+00:00","dateModified":"2022-10-03T14:49:44+00:00","breadcrumb":{"@id":"https:\/\/gesport.unizar.es\/scholars\/#breadcrumb"},"inLanguage":"es","potentialAction":[{"@type":"ReadAction","target":["https:\/\/gesport.unizar.es\/scholars\/"]}]},{"@type":"BreadcrumbList","@id":"https:\/\/gesport.unizar.es\/scholars\/#breadcrumb","itemListElement":[{"@type":"ListItem","position":1,"name":"Portada","item":"https:\/\/gesport.unizar.es\/"},{"@type":"ListItem","position":2,"name":"Becarios\/as"}]},{"@type":"WebSite","@id":"https:\/\/gesport.unizar.es\/#website","url":"https:\/\/gesport.unizar.es\/","name":"GESPORT+","description":"GESPORT+ project website. GESPORT+ project seeks to strengthen equality between men and women in decision- making spaces in sports organizations such as the board of directors. ","publisher":{"@id":"https:\/\/gesport.unizar.es\/#organization"},"potentialAction":[{"@type":"SearchAction","target":{"@type":"EntryPoint","urlTemplate":"https:\/\/gesport.unizar.es\/?s={search_term_string}"},"query-input":"required name=search_term_string"}],"inLanguage":"es"},{"@type":"Organization","@id":"https:\/\/gesport.unizar.es\/#organization","name":"GESPORT Erasmus+","url":"https:\/\/gesport.unizar.es\/","sameAs":[],"logo":{"@type":"ImageObject","inLanguage":"es","@id":"https:\/\/gesport.unizar.es\/#\/schema\/logo\/image\/","url":"http:\/\/gesport.unizar.es\/wp-content\/uploads\/2018\/12\/4.jpg","contentUrl":"http:\/\/gesport.unizar.es\/wp-content\/uploads\/2018\/12\/4.jpg","width":400,"height":400,"caption":"GESPORT Erasmus+"},"image":{"@id":"https:\/\/gesport.unizar.es\/#\/schema\/logo\/image\/"}}]}},"_links":{"self":[{"href":"https:\/\/gesport.unizar.es\/es\/wp-json\/wp\/v2\/pages\/352"}],"collection":[{"href":"https:\/\/gesport.unizar.es\/es\/wp-json\/wp\/v2\/pages"}],"about":[{"href":"https:\/\/gesport.unizar.es\/es\/wp-json\/wp\/v2\/types\/page"}],"author":[{"embeddable":true,"href":"https:\/\/gesport.unizar.es\/es\/wp-json\/wp\/v2\/users\/3"}],"replies":[{"embeddable":true,"href":"https:\/\/gesport.unizar.es\/es\/wp-json\/wp\/v2\/comments?post=352"}],"version-history":[{"count":225,"href":"https:\/\/gesport.unizar.es\/es\/wp-json\/wp\/v2\/pages\/352\/revisions"}],"predecessor-version":[{"id":9732,"href":"https:\/\/gesport.unizar.es\/es\/wp-json\/wp\/v2\/pages\/352\/revisions\/9732"}],"wp:attachment":[{"href":"https:\/\/gesport.unizar.es\/es\/wp-json\/wp\/v2\/media?parent=352"}],"curies":[{"name":"wp","href":"https:\/\/api.w.org\/{rel}","templated":true}]}}