{"id":2671,"date":"2019-01-18T17:59:32","date_gmt":"2019-01-18T17:59:32","guid":{"rendered":"http:\/\/gesport.unizar.es\/?page_id=2671"},"modified":"2022-10-22T10:24:11","modified_gmt":"2022-10-22T10:24:11","slug":"aims","status":"publish","type":"page","link":"https:\/\/gesport.unizar.es\/es\/aims\/","title":{"rendered":"OBJETIVOS"},"content":{"rendered":"<div id=\"gt-res-c\" class=\"g-unit\">\n<div id=\"gt-res-p\">\n<div id=\"gt-res-data\">\n<div id=\"gt-res-wrap\">\n<div id=\"gt-res-content\">\n<h2 id=\"gt-res-dir-ctr\" class=\"trans-verified-button-small\" dir=\"ltr\"><span id=\"result_box\" class=\"\" lang=\"pt\"><span title=\"GESPORT+, CORPORATE GOVERNANCE IN SPORT ORGANIZATIONS: A GENDERED APPROACH \"><span id=\"result_box\" class=\"\" lang=\"es\"><span class=\"\">GESPORT+, El gobierno corporativo en organizaciones deportivas: un enfoque de g\u00e9nero<\/span><\/span><\/span><\/span><\/h2>\n<\/div>\n<\/div>\n<\/div>\n<\/div>\n<\/div>\n<p><img loading=\"lazy\" class=\"wp-image-187 alignleft\" src=\"http:\/\/gesport.unizar.es\/wp-content\/uploads\/2018\/07\/IMG_2.jpg\" sizes=\"(max-width: 4496px) 100vw, 4496px\" srcset=\"http:\/\/gesport.unizar.es\/wp-content\/uploads\/2018\/07\/IMG_2.jpg 4496w, http:\/\/gesport.unizar.es\/wp-content\/uploads\/2018\/07\/IMG_2-300x187.jpg 300w, http:\/\/gesport.unizar.es\/wp-content\/uploads\/2018\/07\/IMG_2-768x478.jpg 768w, http:\/\/gesport.unizar.es\/wp-content\/uploads\/2018\/07\/IMG_2-1024x637.jpg 1024w\" alt=\"\" width=\"650\" height=\"\" \/><span class=\"\" lang=\"es\"><span title=\"where the decision-making process is generated.\"><span class=\"\" lang=\"pt\"><span title=\"where the decision-making process is generated. \"><span title=\"The primary objective of the project is to improve women\u2019s accessibility to the governing board of sports federations or associations of all sports under Erasmus + sports actions.\">El proyecto<strong> GESPORT +<\/strong> busca fortalecer la igualdad entre hombres y mujeres en los espacios de toma de decisiones de las organizaciones deportivas. <\/span><\/span><\/span><\/span><\/span>Su objetivo principal es mejorar el acceso de las mujeres a las juntas directivas de las organizaciones deportivas de todos los deportes incluidos en el marco de las acciones deportivas de Erasmus +. Se espera que sus resultados contribuyan a detectar posibles medidas para promover el equilibrio de g\u00e9nero en los \u00f3rganos de toma de decisiones en el \u00e1mbito del gobierno corporativo de las entidades deportivas. Conocer las experiencias de las mujeres que han superado el techo de cristal o el techo de cemento, puede servir para ayudar a otras mujeres en su avance profesional. En la \u00faltima d\u00e9cada, muchos pa\u00edses han adoptado diferentes iniciativas para promulgar la igualdad de g\u00e9nero y avanzar hacia una sociedad m\u00e1s igualitaria, justa y democr\u00e1tica. Adem\u00e1s, se han publicado numerosos c\u00f3digos de buen gobierno en numerosos pa\u00edses con recomendaciones sobre el buen gobierno corporativo en las grandes organizaciones, especialmente para las empresas que cotizan en bolsa. Sin embargo, en el campo del deporte, aunque el grupo de expertos europeos en buen gobierno se\u00f1ala que sigue siendo una prioridad para los gobiernos y las partes interesadas, los estudios son escasos y la investigaci\u00f3n existente muestra una baja participaci\u00f3n de las mujeres en todos los espacios de la toma de decisiones. Un mejor conocimiento de la representaci\u00f3n de las mujeres en las juntas directivas de las organizaciones deportivas europeas podr\u00eda identificar qu\u00e9 pol\u00edticas de diversidad de g\u00e9nero se pueden proponer y en su caso, mejorar las existentes. Visibilizar las experiencias de las mujeres, sus roles en sus juntas, las pr\u00e1cticas de gobierno corporativo en sus organizaciones y los problemas y las limitaciones a las que se enfrentan en su vida profesional diaria pueden orientar a otras mujeres a gestionar mejor sus carreras en los contextos deportivos en los que se genera el proceso de toma de decisiones.<\/p>\n","protected":false},"excerpt":{"rendered":"<p>GESPORT+, El gobierno corporativo en organizaciones deportivas: un enfoque de g\u00e9nero El proyecto GESPORT + busca fortalecer la igualdad entre hombres y mujeres en los espacios de toma de decisiones de las organizaciones deportivas. Su objetivo principal es mejorar el acceso de las mujeres a las juntas directivas de las organizaciones deportivas de todos los &hellip;<\/p>\n<p class=\"read-more\"> <a class=\"\" href=\"https:\/\/gesport.unizar.es\/es\/aims\/\"> <span class=\"screen-reader-text\">OBJETIVOS<\/span> Leer m\u00e1s &raquo;<\/a><\/p>\n","protected":false},"author":3,"featured_media":0,"parent":0,"menu_order":0,"comment_status":"closed","ping_status":"closed","template":"","meta":{"site-sidebar-layout":"default","site-content-layout":"default","ast-global-header-display":"","ast-main-header-display":"","ast-hfb-above-header-display":"","ast-hfb-below-header-display":"","ast-hfb-mobile-header-display":"","site-post-title":"","ast-breadcrumbs-content":"","ast-featured-img":"","footer-sml-layout":"","theme-transparent-header-meta":"default","adv-header-id-meta":"","stick-header-meta":"","header-above-stick-meta":"","header-main-stick-meta":"","header-below-stick-meta":""},"translation":{"provider":"WPGlobus","version":"2.10.4","language":"es","enabled_languages":["gb","es","tr","it","pt"],"languages":{"gb":{"title":true,"content":true,"excerpt":false},"es":{"title":true,"content":true,"excerpt":false},"tr":{"title":true,"content":true,"excerpt":false},"it":{"title":true,"content":true,"excerpt":false},"pt":{"title":true,"content":true,"excerpt":false}}},"yoast_head":"<!-- This site is optimized with the Yoast SEO plugin v19.7.1 - https:\/\/yoast.com\/wordpress\/plugins\/seo\/ -->\n<title>OBJETIVOS - GESPORT+ educa<\/title>\n<meta name=\"robots\" content=\"index, follow, max-snippet:-1, max-image-preview:large, max-video-preview:-1\" \/>\n<link rel=\"canonical\" href=\"https:\/\/gesport.unizar.es\/aims\/\" \/>\n<meta property=\"og:locale\" content=\"es_ES\" \/>\n<meta property=\"og:type\" content=\"article\" \/>\n<meta property=\"og:title\" content=\"OBJETIVOS - GESPORT+ educa\" \/>\n<meta property=\"og:url\" content=\"https:\/\/gesport.unizar.es\/aims\/\" \/>\n<meta property=\"og:site_name\" content=\"GESPORT+ educa\" \/>\n<meta property=\"article:modified_time\" content=\"2022-10-22T10:24:11+00:00\" \/>\n<meta property=\"og:image\" content=\"http:\/\/gesport.unizar.es\/wp-content\/uploads\/2018\/07\/IMG_2.jpg\" \/>\n<meta name=\"twitter:card\" content=\"summary_large_image\" \/>\n<meta name=\"twitter:label1\" content=\"Tiempo de lectura\" \/>\n\t<meta name=\"twitter:data1\" content=\"2 minutos\" \/>\n<script type=\"application\/ld+json\" class=\"yoast-schema-graph\">{\"@context\":\"https:\/\/schema.org\",\"@graph\":[{\"@type\":\"WebPage\",\"@id\":\"https:\/\/gesport.unizar.es\/aims\/\",\"url\":\"https:\/\/gesport.unizar.es\/aims\/\",\"name\":\"OBJETIVOS - GESPORT+ educa\",\"isPartOf\":{\"@id\":\"https:\/\/gesport.unizar.es\/#website\"},\"datePublished\":\"2019-01-18T17:59:32+00:00\",\"dateModified\":\"2022-10-22T10:24:11+00:00\",\"breadcrumb\":{\"@id\":\"https:\/\/gesport.unizar.es\/aims\/#breadcrumb\"},\"inLanguage\":\"es\",\"potentialAction\":[{\"@type\":\"ReadAction\",\"target\":[\"https:\/\/gesport.unizar.es\/aims\/\"]}]},{\"@type\":\"BreadcrumbList\",\"@id\":\"https:\/\/gesport.unizar.es\/aims\/#breadcrumb\",\"itemListElement\":[{\"@type\":\"ListItem\",\"position\":1,\"name\":\"Portada\",\"item\":\"https:\/\/gesport.unizar.es\/\"},{\"@type\":\"ListItem\",\"position\":2,\"name\":\"OBJETIVOS\"}]},{\"@type\":\"WebSite\",\"@id\":\"https:\/\/gesport.unizar.es\/#website\",\"url\":\"https:\/\/gesport.unizar.es\/\",\"name\":\"GESPORT+\",\"description\":\"GESPORT+ project website. GESPORT+ project seeks to strengthen equality between men and women in decision- making spaces in sports organizations such as the board of directors. \",\"publisher\":{\"@id\":\"https:\/\/gesport.unizar.es\/#organization\"},\"potentialAction\":[{\"@type\":\"SearchAction\",\"target\":{\"@type\":\"EntryPoint\",\"urlTemplate\":\"https:\/\/gesport.unizar.es\/?s={search_term_string}\"},\"query-input\":\"required name=search_term_string\"}],\"inLanguage\":\"es\"},{\"@type\":\"Organization\",\"@id\":\"https:\/\/gesport.unizar.es\/#organization\",\"name\":\"GESPORT Erasmus+\",\"url\":\"https:\/\/gesport.unizar.es\/\",\"sameAs\":[],\"logo\":{\"@type\":\"ImageObject\",\"inLanguage\":\"es\",\"@id\":\"https:\/\/gesport.unizar.es\/#\/schema\/logo\/image\/\",\"url\":\"http:\/\/gesport.unizar.es\/wp-content\/uploads\/2018\/12\/4.jpg\",\"contentUrl\":\"http:\/\/gesport.unizar.es\/wp-content\/uploads\/2018\/12\/4.jpg\",\"width\":400,\"height\":400,\"caption\":\"GESPORT Erasmus+\"},\"image\":{\"@id\":\"https:\/\/gesport.unizar.es\/#\/schema\/logo\/image\/\"}}]}<\/script>\n<!-- \/ Yoast SEO plugin. -->","yoast_head_json":{"title":"OBJETIVOS - GESPORT+ educa","robots":{"index":"index","follow":"follow","max-snippet":"max-snippet:-1","max-image-preview":"max-image-preview:large","max-video-preview":"max-video-preview:-1"},"canonical":"https:\/\/gesport.unizar.es\/aims\/","og_locale":"es_ES","og_type":"article","og_title":"OBJETIVOS - GESPORT+ educa","og_url":"https:\/\/gesport.unizar.es\/aims\/","og_site_name":"GESPORT+ educa","article_modified_time":"2022-10-22T10:24:11+00:00","og_image":[{"url":"http:\/\/gesport.unizar.es\/wp-content\/uploads\/2018\/07\/IMG_2.jpg"}],"twitter_card":"summary_large_image","twitter_misc":{"Tiempo de lectura":"2 minutos"},"schema":{"@context":"https:\/\/schema.org","@graph":[{"@type":"WebPage","@id":"https:\/\/gesport.unizar.es\/aims\/","url":"https:\/\/gesport.unizar.es\/aims\/","name":"OBJETIVOS - GESPORT+ educa","isPartOf":{"@id":"https:\/\/gesport.unizar.es\/#website"},"datePublished":"2019-01-18T17:59:32+00:00","dateModified":"2022-10-22T10:24:11+00:00","breadcrumb":{"@id":"https:\/\/gesport.unizar.es\/aims\/#breadcrumb"},"inLanguage":"es","potentialAction":[{"@type":"ReadAction","target":["https:\/\/gesport.unizar.es\/aims\/"]}]},{"@type":"BreadcrumbList","@id":"https:\/\/gesport.unizar.es\/aims\/#breadcrumb","itemListElement":[{"@type":"ListItem","position":1,"name":"Portada","item":"https:\/\/gesport.unizar.es\/"},{"@type":"ListItem","position":2,"name":"OBJETIVOS"}]},{"@type":"WebSite","@id":"https:\/\/gesport.unizar.es\/#website","url":"https:\/\/gesport.unizar.es\/","name":"GESPORT+","description":"GESPORT+ project website. GESPORT+ project seeks to strengthen equality between men and women in decision- making spaces in sports organizations such as the board of directors. ","publisher":{"@id":"https:\/\/gesport.unizar.es\/#organization"},"potentialAction":[{"@type":"SearchAction","target":{"@type":"EntryPoint","urlTemplate":"https:\/\/gesport.unizar.es\/?s={search_term_string}"},"query-input":"required name=search_term_string"}],"inLanguage":"es"},{"@type":"Organization","@id":"https:\/\/gesport.unizar.es\/#organization","name":"GESPORT Erasmus+","url":"https:\/\/gesport.unizar.es\/","sameAs":[],"logo":{"@type":"ImageObject","inLanguage":"es","@id":"https:\/\/gesport.unizar.es\/#\/schema\/logo\/image\/","url":"http:\/\/gesport.unizar.es\/wp-content\/uploads\/2018\/12\/4.jpg","contentUrl":"http:\/\/gesport.unizar.es\/wp-content\/uploads\/2018\/12\/4.jpg","width":400,"height":400,"caption":"GESPORT Erasmus+"},"image":{"@id":"https:\/\/gesport.unizar.es\/#\/schema\/logo\/image\/"}}]}},"_links":{"self":[{"href":"https:\/\/gesport.unizar.es\/es\/wp-json\/wp\/v2\/pages\/2671"}],"collection":[{"href":"https:\/\/gesport.unizar.es\/es\/wp-json\/wp\/v2\/pages"}],"about":[{"href":"https:\/\/gesport.unizar.es\/es\/wp-json\/wp\/v2\/types\/page"}],"author":[{"embeddable":true,"href":"https:\/\/gesport.unizar.es\/es\/wp-json\/wp\/v2\/users\/3"}],"replies":[{"embeddable":true,"href":"https:\/\/gesport.unizar.es\/es\/wp-json\/wp\/v2\/comments?post=2671"}],"version-history":[{"count":33,"href":"https:\/\/gesport.unizar.es\/es\/wp-json\/wp\/v2\/pages\/2671\/revisions"}],"predecessor-version":[{"id":10400,"href":"https:\/\/gesport.unizar.es\/es\/wp-json\/wp\/v2\/pages\/2671\/revisions\/10400"}],"wp:attachment":[{"href":"https:\/\/gesport.unizar.es\/es\/wp-json\/wp\/v2\/media?parent=2671"}],"curies":[{"name":"wp","href":"https:\/\/api.w.org\/{rel}","templated":true}]}}