{"id":179,"date":"2018-07-08T20:07:48","date_gmt":"2018-07-08T20:07:48","guid":{"rendered":"http:\/\/gesport.unizar.es\/?page_id=179"},"modified":"2022-09-16T15:32:04","modified_gmt":"2022-09-16T15:32:04","slug":"gesport-project","status":"publish","type":"page","link":"https:\/\/gesport.unizar.es\/es\/gesport-project\/","title":{"rendered":"PROYECTO GESPORT"},"content":{"rendered":"<div id=\"gt-lang-src\">\n<div id=\"gt-sl-sugg\" class=\"gt-lang-sugg-message goog-inline-block je\"><\/div>\n<\/div>\n<div id=\"gt-res-c\" class=\"g-unit\">\n<div id=\"gt-res-p\">\n<div id=\"gt-res-data\">\n<div id=\"gt-res-wrap\">\n<div id=\"gt-res-content\">\n<h2 id=\"gt-res-dir-ctr\" class=\"trans-verified-button-small\" dir=\"ltr\"><span id=\"result_box\" class=\"\" lang=\"pt\"><span title=\"GESPORT+, CORPORATE GOVERNANCE IN SPORT ORGANIZATIONS: A GENDERED APPROACH \"><span id=\"result_box\" class=\"\" lang=\"es\"><span class=\"\">GESPORT+, Gobierno corporativo en organizaciones deportivas: un enfoque de g\u00e9nero<\/span><\/span><\/span><\/span><\/h2>\n<\/div>\n<\/div>\n<\/div>\n<\/div>\n<\/div>\n<p style=\"text-align: left;\"><img loading=\"lazy\" class=\"wp-image-187 alignleft\" src=\"http:\/\/gesport.unizar.es\/wp-content\/uploads\/2018\/07\/IMG_2.jpg\" alt=\"\" width=\"650\" height=\"\" srcset=\"https:\/\/gesport.unizar.es\/wp-content\/uploads\/2018\/07\/IMG_2.jpg 4496w, https:\/\/gesport.unizar.es\/wp-content\/uploads\/2018\/07\/IMG_2-300x187.jpg 300w, https:\/\/gesport.unizar.es\/wp-content\/uploads\/2018\/07\/IMG_2-768x478.jpg 768w, https:\/\/gesport.unizar.es\/wp-content\/uploads\/2018\/07\/IMG_2-1024x637.jpg 1024w\" sizes=\"(max-width: 4496px) 100vw, 4496px\" \/><span id=\"result_box\" class=\"\" lang=\"es\"><span title=\"where the decision-making process is generated.\"><span id=\"result_box\" class=\"\" lang=\"pt\"><span title=\"where the decision-making process is generated. \"><span title=\"GESPORT+ project seeks to strengthen equality between men and women in decision- making spaces in sports organizations such as the board of directors.\"><strong>El proyecto GESPORT+<\/strong> busca fortalecer la igualdad entre hombres y mujeres en los espacios de toma de decisiones en las organizaciones deportivas, especialmente en\u00a0 las juntas directivas. <\/span><span title=\"The primary objective of the project is to improve women\u2019s accessibility to the governing board of sports federations or associations of all sports under Erasmus + sports actions.\">El objetivo principal del proyecto es mejorar el acceso de las mujeres a las juntas\u00a0 de las federaciones deportivas o otros \u00f3rganos de gobierno de todos los deportes en el marco de las acciones deportivas de Erasmus +. <\/span><\/span><\/span><\/span><\/span><\/p>\n<p style=\"text-align: left;\"><span id=\"result_box\" class=\"\" lang=\"es\"><span title=\"where the decision-making process is generated.\"><span id=\"result_box\" class=\"\" lang=\"pt\"><span title=\"where the decision-making process is generated. \"><span title=\"Its results are expected to contribute to detecting possible measures to promote gender balance in corporate governance decision-making in sports organizations.\">Se espera que sus resultados contribuyan a detectar posibles medidas para promover el equilibrio de g\u00e9nero en la toma de decisiones de gobierno corporativo en las organizaciones deportivas. <\/span><span title=\"By taking into account the experiences of female directors who have overcome the glass ceiling, or the glass cliff, this project aims to empower other women in their career advancement.\">Al tomar en cuenta las experiencias de las mujeres integrantes de juntas directivas deportivas que han superado el techo de cristal, o el acantilado de cristal, este proyecto pretende ayudar a otras mujeres en el\u00a0 avance de su carrera profesional. <\/span><\/span><\/span><\/span><\/span><\/p>\n<p style=\"text-align: left;\"><span id=\"result_box\" class=\"\" lang=\"es\"><span title=\"where the decision-making process is generated.\"><span id=\"result_box\" class=\"\" lang=\"pt\"><span title=\"where the decision-making process is generated. \"><span title=\"In the last decade, many countries have adopted different initiatives to enact gender equality and advance towards a more egalitarian, just and democratic society.\">En la \u00faltima d\u00e9cada, muchos pa\u00edses han adoptado diferentes iniciativas para promulgar la igualdad de g\u00e9nero y avanzar hacia una sociedad m\u00e1s igualitaria, justa y democr\u00e1tica. <\/span><span title=\"Also, numerous codes of good governance have been published in many countries around the world with recommendations on good corporate governance for large organizations, especially for listed companies.\">Adem\u00e1s, se han publicado numerosos c\u00f3digos de buen gobierno en muchos pa\u00edses del mundo con recomendaciones sobre buen gobierno corporativo para grandes organizaciones, especialmente para las empresas que cotizan en bolsa. <\/span><span title=\"However, in the field of sport, although the European expert group in good governance notes that it remains a priority for governments and stakeholders, studies are scarce, and the existing research shows the low participation of women in all spheres of decision-making.\">Sin embargo, en el campo del deporte, aunque el grupo de expertos europeos en buen gobierno se\u00f1ala que sigue siendo una prioridad para los gobiernos y las partes interesadas, los estudios son escasos y la investigaci\u00f3n existente muestra la baja participaci\u00f3n de las mujeres en todos los \u00e1mbitos de la toma de decisiones. <\/span><\/span><\/span><\/span><\/span><\/p>\n<p style=\"text-align: left;\"><span id=\"result_box\" class=\"\" lang=\"es\"><span title=\"where the decision-making process is generated.\"><span id=\"result_box\" class=\"\" lang=\"pt\"><span title=\"where the decision-making process is generated. \"><span title=\"A better understanding of the representation of women on the boards of directors in European sporting organizations could identify what gender policies can be proposed and existing ones improved, both by the EU and by individual member countries, to increase women participation in leadership positions of sports organizations\">Una mejor comprensi\u00f3n de la representaci\u00f3n de las mujeres en la cima de las organizaciones deportivas europeas podr\u00eda identificar qu\u00e9 pol\u00edticas de g\u00e9nero se pueden proponer y mejorar las existentes, tanto en la propia UE como en los pa\u00edses miembros individuales, para aumentar su participaci\u00f3n en posiciones de liderazgo de las organizaciones deportivas. <\/span><span title=\"Making visible the experiences of women, their roles on the boards of directors, the corporate governance practices in their sports organizations, and the problems and the limitations they face in their daily professional lives, can help other women to better manage their careers in the contexts\">Hacer visibles las experiencias de las mujeres, sus roles en las juntas directivas, las pr\u00e1cticas de gobierno corporativo en sus organizaciones deportivas y los problemas y las limitaciones que enfrentan en su vida profesional diaria, puede facilitar a otras mujeres a gestionar mejor sus carreras en los contextos en los que<\/span>\u00a0se genera el proceso de toma de decisiones.<\/span><\/span><\/span><\/span><\/p>\n","protected":false},"excerpt":{"rendered":"<p>GESPORT+, Gobierno corporativo en organizaciones deportivas: un enfoque de g\u00e9nero El proyecto GESPORT+ busca fortalecer la igualdad entre hombres y mujeres en los espacios de toma de decisiones en las organizaciones deportivas, especialmente en\u00a0 las juntas directivas. El objetivo principal del proyecto es mejorar el acceso de las mujeres a las juntas\u00a0 de las federaciones &hellip;<\/p>\n<p class=\"read-more\"> <a class=\"\" href=\"https:\/\/gesport.unizar.es\/es\/gesport-project\/\"> <span class=\"screen-reader-text\">PROYECTO GESPORT<\/span> Leer m\u00e1s &raquo;<\/a><\/p>\n","protected":false},"author":3,"featured_media":0,"parent":0,"menu_order":0,"comment_status":"closed","ping_status":"closed","template":"","meta":{"site-sidebar-layout":"default","site-content-layout":"default","ast-global-header-display":"","ast-main-header-display":"","ast-hfb-above-header-display":"","ast-hfb-below-header-display":"","ast-hfb-mobile-header-display":"","site-post-title":"","ast-breadcrumbs-content":"","ast-featured-img":"","footer-sml-layout":"","theme-transparent-header-meta":"default","adv-header-id-meta":"","stick-header-meta":"","header-above-stick-meta":"","header-main-stick-meta":"","header-below-stick-meta":""},"translation":{"provider":"WPGlobus","version":"2.10.4","language":"es","enabled_languages":["gb","es","tr","it","pt"],"languages":{"gb":{"title":true,"content":true,"excerpt":false},"es":{"title":true,"content":true,"excerpt":false},"tr":{"title":true,"content":true,"excerpt":false},"it":{"title":true,"content":true,"excerpt":false},"pt":{"title":true,"content":true,"excerpt":false}}},"yoast_head":"<!-- This site is optimized with the Yoast SEO plugin v19.7.1 - https:\/\/yoast.com\/wordpress\/plugins\/seo\/ -->\n<title>PROYECTO GESPORT - GESPORT+ educa<\/title>\n<meta name=\"robots\" content=\"index, follow, max-snippet:-1, max-image-preview:large, max-video-preview:-1\" \/>\n<link rel=\"canonical\" href=\"https:\/\/gesport.unizar.es\/gesport-project\/\" \/>\n<meta property=\"og:locale\" content=\"es_ES\" \/>\n<meta property=\"og:type\" content=\"article\" \/>\n<meta property=\"og:title\" content=\"PROYECTO GESPORT - GESPORT+ educa\" \/>\n<meta property=\"og:url\" content=\"https:\/\/gesport.unizar.es\/gesport-project\/\" \/>\n<meta property=\"og:site_name\" content=\"GESPORT+ educa\" \/>\n<meta property=\"article:modified_time\" content=\"2022-09-16T15:32:04+00:00\" \/>\n<meta property=\"og:image\" content=\"http:\/\/gesport.unizar.es\/wp-content\/uploads\/2018\/07\/IMG_2.jpg\" \/>\n<meta name=\"twitter:card\" content=\"summary_large_image\" \/>\n<meta name=\"twitter:label1\" content=\"Tiempo de lectura\" \/>\n\t<meta name=\"twitter:data1\" content=\"2 minutos\" \/>\n<script type=\"application\/ld+json\" class=\"yoast-schema-graph\">{\"@context\":\"https:\/\/schema.org\",\"@graph\":[{\"@type\":\"WebPage\",\"@id\":\"https:\/\/gesport.unizar.es\/gesport-project\/\",\"url\":\"https:\/\/gesport.unizar.es\/gesport-project\/\",\"name\":\"PROYECTO GESPORT - GESPORT+ educa\",\"isPartOf\":{\"@id\":\"https:\/\/gesport.unizar.es\/#website\"},\"datePublished\":\"2018-07-08T20:07:48+00:00\",\"dateModified\":\"2022-09-16T15:32:04+00:00\",\"breadcrumb\":{\"@id\":\"https:\/\/gesport.unizar.es\/gesport-project\/#breadcrumb\"},\"inLanguage\":\"es\",\"potentialAction\":[{\"@type\":\"ReadAction\",\"target\":[\"https:\/\/gesport.unizar.es\/gesport-project\/\"]}]},{\"@type\":\"BreadcrumbList\",\"@id\":\"https:\/\/gesport.unizar.es\/gesport-project\/#breadcrumb\",\"itemListElement\":[{\"@type\":\"ListItem\",\"position\":1,\"name\":\"Portada\",\"item\":\"https:\/\/gesport.unizar.es\/\"},{\"@type\":\"ListItem\",\"position\":2,\"name\":\"PROYECTO GESPORT\"}]},{\"@type\":\"WebSite\",\"@id\":\"https:\/\/gesport.unizar.es\/#website\",\"url\":\"https:\/\/gesport.unizar.es\/\",\"name\":\"GESPORT+\",\"description\":\"GESPORT+ project website. GESPORT+ project seeks to strengthen equality between men and women in decision- making spaces in sports organizations such as the board of directors. \",\"publisher\":{\"@id\":\"https:\/\/gesport.unizar.es\/#organization\"},\"potentialAction\":[{\"@type\":\"SearchAction\",\"target\":{\"@type\":\"EntryPoint\",\"urlTemplate\":\"https:\/\/gesport.unizar.es\/?s={search_term_string}\"},\"query-input\":\"required name=search_term_string\"}],\"inLanguage\":\"es\"},{\"@type\":\"Organization\",\"@id\":\"https:\/\/gesport.unizar.es\/#organization\",\"name\":\"GESPORT Erasmus+\",\"url\":\"https:\/\/gesport.unizar.es\/\",\"sameAs\":[],\"logo\":{\"@type\":\"ImageObject\",\"inLanguage\":\"es\",\"@id\":\"https:\/\/gesport.unizar.es\/#\/schema\/logo\/image\/\",\"url\":\"http:\/\/gesport.unizar.es\/wp-content\/uploads\/2018\/12\/4.jpg\",\"contentUrl\":\"http:\/\/gesport.unizar.es\/wp-content\/uploads\/2018\/12\/4.jpg\",\"width\":400,\"height\":400,\"caption\":\"GESPORT Erasmus+\"},\"image\":{\"@id\":\"https:\/\/gesport.unizar.es\/#\/schema\/logo\/image\/\"}}]}<\/script>\n<!-- \/ Yoast SEO plugin. -->","yoast_head_json":{"title":"PROYECTO GESPORT - GESPORT+ educa","robots":{"index":"index","follow":"follow","max-snippet":"max-snippet:-1","max-image-preview":"max-image-preview:large","max-video-preview":"max-video-preview:-1"},"canonical":"https:\/\/gesport.unizar.es\/gesport-project\/","og_locale":"es_ES","og_type":"article","og_title":"PROYECTO GESPORT - GESPORT+ educa","og_url":"https:\/\/gesport.unizar.es\/gesport-project\/","og_site_name":"GESPORT+ educa","article_modified_time":"2022-09-16T15:32:04+00:00","og_image":[{"url":"http:\/\/gesport.unizar.es\/wp-content\/uploads\/2018\/07\/IMG_2.jpg"}],"twitter_card":"summary_large_image","twitter_misc":{"Tiempo de lectura":"2 minutos"},"schema":{"@context":"https:\/\/schema.org","@graph":[{"@type":"WebPage","@id":"https:\/\/gesport.unizar.es\/gesport-project\/","url":"https:\/\/gesport.unizar.es\/gesport-project\/","name":"PROYECTO GESPORT - GESPORT+ educa","isPartOf":{"@id":"https:\/\/gesport.unizar.es\/#website"},"datePublished":"2018-07-08T20:07:48+00:00","dateModified":"2022-09-16T15:32:04+00:00","breadcrumb":{"@id":"https:\/\/gesport.unizar.es\/gesport-project\/#breadcrumb"},"inLanguage":"es","potentialAction":[{"@type":"ReadAction","target":["https:\/\/gesport.unizar.es\/gesport-project\/"]}]},{"@type":"BreadcrumbList","@id":"https:\/\/gesport.unizar.es\/gesport-project\/#breadcrumb","itemListElement":[{"@type":"ListItem","position":1,"name":"Portada","item":"https:\/\/gesport.unizar.es\/"},{"@type":"ListItem","position":2,"name":"PROYECTO GESPORT"}]},{"@type":"WebSite","@id":"https:\/\/gesport.unizar.es\/#website","url":"https:\/\/gesport.unizar.es\/","name":"GESPORT+","description":"GESPORT+ project website. GESPORT+ project seeks to strengthen equality between men and women in decision- making spaces in sports organizations such as the board of directors. ","publisher":{"@id":"https:\/\/gesport.unizar.es\/#organization"},"potentialAction":[{"@type":"SearchAction","target":{"@type":"EntryPoint","urlTemplate":"https:\/\/gesport.unizar.es\/?s={search_term_string}"},"query-input":"required name=search_term_string"}],"inLanguage":"es"},{"@type":"Organization","@id":"https:\/\/gesport.unizar.es\/#organization","name":"GESPORT Erasmus+","url":"https:\/\/gesport.unizar.es\/","sameAs":[],"logo":{"@type":"ImageObject","inLanguage":"es","@id":"https:\/\/gesport.unizar.es\/#\/schema\/logo\/image\/","url":"http:\/\/gesport.unizar.es\/wp-content\/uploads\/2018\/12\/4.jpg","contentUrl":"http:\/\/gesport.unizar.es\/wp-content\/uploads\/2018\/12\/4.jpg","width":400,"height":400,"caption":"GESPORT Erasmus+"},"image":{"@id":"https:\/\/gesport.unizar.es\/#\/schema\/logo\/image\/"}}]}},"_links":{"self":[{"href":"https:\/\/gesport.unizar.es\/es\/wp-json\/wp\/v2\/pages\/179"}],"collection":[{"href":"https:\/\/gesport.unizar.es\/es\/wp-json\/wp\/v2\/pages"}],"about":[{"href":"https:\/\/gesport.unizar.es\/es\/wp-json\/wp\/v2\/types\/page"}],"author":[{"embeddable":true,"href":"https:\/\/gesport.unizar.es\/es\/wp-json\/wp\/v2\/users\/3"}],"replies":[{"embeddable":true,"href":"https:\/\/gesport.unizar.es\/es\/wp-json\/wp\/v2\/comments?post=179"}],"version-history":[{"count":35,"href":"https:\/\/gesport.unizar.es\/es\/wp-json\/wp\/v2\/pages\/179\/revisions"}],"predecessor-version":[{"id":9073,"href":"https:\/\/gesport.unizar.es\/es\/wp-json\/wp\/v2\/pages\/179\/revisions\/9073"}],"wp:attachment":[{"href":"https:\/\/gesport.unizar.es\/es\/wp-json\/wp\/v2\/media?parent=179"}],"curies":[{"name":"wp","href":"https:\/\/api.w.org\/{rel}","templated":true}]}}