{"id":17,"date":"2018-05-08T15:56:17","date_gmt":"2018-05-08T15:56:17","guid":{"rendered":"http:\/\/gesport.unizar.es\/?page_id=17"},"modified":"2025-04-09T15:57:54","modified_gmt":"2025-04-09T15:57:54","slug":"onetone-front-page","status":"publish","type":"page","link":"https:\/\/gesport.unizar.es\/es\/","title":{"rendered":"ERASMUS+"},"content":{"rendered":"\n<p class=\"has-ast-global-color-0-color has-ast-global-color-6-background-color has-text-color has-background has-small-font-size\">El apoyo de la Comisi\u00f3n Europea para la producci\u00f3n de esta publicaci\u00f3n no constituye una aprobaci\u00f3n del contenido, el cual refleja \u00fanicamente las opiniones de los autores, y la Comisi\u00f3n no se hace responsable del uso que pueda hacerse de la informaci\u00f3n contenida en la misma.<\/p>\n\n\n\n<figure class=\"wp-block-image alignwide size-full\"><img loading=\"lazy\" width=\"4000\" height=\"2667\" src=\"https:\/\/gesport.unizar.es\/wp-content\/uploads\/2022\/09\/5Libros.jpg\" alt=\"\" class=\"wp-image-9519\"\/><\/figure>\n\n\n\n<h1 class=\"has-text-align-center\">EL GOBIERNO CORPORATIVO EN LAS ORGANIZACIONES DEPORTIVAS: UN ENFOQUE DE G\u00c9NERO<\/h1>\n\n\n\n<div class=\"wp-block-file\"><object class=\"wp-block-file__embed\" data=\"https:\/\/gesport.unizar.es\/wp-content\/uploads\/2025\/04\/Luisa-y-el-Parlamento-Europeo.pdf\" type=\"application\/pdf\" style=\"width:100%;height:600px\" aria-label=\"Incrustado de Parlamento Europeo, Bruselas 29 de noviembre de 2022.\"><\/object><a id=\"wp-block-file--media-cce70162-4e11-4c70-90d9-95546243703e\" href=\"https:\/\/gesport.unizar.es\/wp-content\/uploads\/2025\/04\/Luisa-y-el-Parlamento-Europeo.pdf\">Parlamento Europeo, Bruselas 29 de noviembre de 2022<\/a><a href=\"https:\/\/gesport.unizar.es\/wp-content\/uploads\/2025\/04\/Luisa-y-el-Parlamento-Europeo.pdf\" class=\"wp-block-file__button\" download aria-describedby=\"wp-block-file--media-cce70162-4e11-4c70-90d9-95546243703e\">Descarga<\/a><\/div>\n\n\n\n<h5 class=\"alignwide has-text-align-center has-ast-global-color-3-color has-text-color\" style=\"font-size:18px\"><strong>Presentaci\u00f3n de los resultados del Proyecto GESPORT en el Workshop sobre &#8220;Mujeres y Deporte&#8221; organizado por el Departamento de Pol\u00edtica de Derechos de los Ciudadanos y Asuntos Constitucionales para la Comisi\u00f3n de Derechos de la Mujer e Igualdad de G\u00e9nero, Parlamento Europeo.<\/strong><\/h5>\n\n\n\n<h5 class=\"alignwide has-text-align-center has-ast-global-color-3-color has-text-color\" style=\"font-size:18px\"><strong> &#8220;Las mujeres en el gobierno corporativo de las federaciones deportivas nacionales: un enfoque europeo&#8221;<\/strong><\/h5>\n\n\n\n<h5 class=\"alignfull has-text-align-center has-ast-global-color-3-color has-text-color\" style=\"font-size:18px\"><strong> Bruselas, 29 de noviembre de 2022.<\/strong><\/h5>\n\n\n\n<hr class=\"wp-block-separator has-css-opacity\"\/>\n\n\n\n<div class=\"wp-container-4 wp-block-columns\">\n<div class=\"wp-container-1 wp-block-column is-vertically-aligned-center\">\n<figure class=\"wp-block-image size-large is-resized\"><img loading=\"lazy\" src=\"https:\/\/gesport.unizar.es\/wp-content\/uploads\/2021\/04\/Erasmus_plus_sofinanciranje_ENG-1024x222.png\" alt=\"\" class=\"wp-image-5581\" width=\"237\" height=\"51\" srcset=\"https:\/\/gesport.unizar.es\/wp-content\/uploads\/2021\/04\/Erasmus_plus_sofinanciranje_ENG-1024x222.png 1024w, https:\/\/gesport.unizar.es\/wp-content\/uploads\/2021\/04\/Erasmus_plus_sofinanciranje_ENG-300x65.png 300w, https:\/\/gesport.unizar.es\/wp-content\/uploads\/2021\/04\/Erasmus_plus_sofinanciranje_ENG-768x167.png 768w, https:\/\/gesport.unizar.es\/wp-content\/uploads\/2021\/04\/Erasmus_plus_sofinanciranje_ENG-1536x333.png 1536w, https:\/\/gesport.unizar.es\/wp-content\/uploads\/2021\/04\/Erasmus_plus_sofinanciranje_ENG-24x5.png 24w, https:\/\/gesport.unizar.es\/wp-content\/uploads\/2021\/04\/Erasmus_plus_sofinanciranje_ENG-36x8.png 36w, https:\/\/gesport.unizar.es\/wp-content\/uploads\/2021\/04\/Erasmus_plus_sofinanciranje_ENG-48x10.png 48w, https:\/\/gesport.unizar.es\/wp-content\/uploads\/2021\/04\/Erasmus_plus_sofinanciranje_ENG.png 1718w\" sizes=\"(max-width: 237px) 100vw, 237px\" \/><figcaption><a href=\"https:\/\/ec.europa.eu\/programmes\/erasmus-plus\/projects\/eplus-project-details\/#project\/d6bff2ea-5dbb-49b2-aebb-9f172154cdbe\"><strong>ERASMUS+ Programme<\/strong><br>With the support of the Erasmus+ programme of the European Union<\/a><\/figcaption><\/figure>\n<\/div>\n\n\n\n<div class=\"wp-container-2 wp-block-column is-vertically-aligned-top\">\n<figure class=\"wp-block-image size-full\"><img loading=\"lazy\" width=\"243\" height=\"107\" src=\"https:\/\/gesport.unizar.es\/wp-content\/uploads\/2021\/04\/2.png\" alt=\"\" class=\"wp-image-5574\" srcset=\"https:\/\/gesport.unizar.es\/wp-content\/uploads\/2021\/04\/2.png 243w, https:\/\/gesport.unizar.es\/wp-content\/uploads\/2021\/04\/2-24x11.png 24w, https:\/\/gesport.unizar.es\/wp-content\/uploads\/2021\/04\/2-36x16.png 36w, https:\/\/gesport.unizar.es\/wp-content\/uploads\/2021\/04\/2-48x21.png 48w\" sizes=\"(max-width: 243px) 100vw, 243px\" \/><figcaption> <a href=\"https:\/\/unizar.es\/\"><strong>Universidad de Zaragoza | <\/strong><br><strong>Spain<\/strong><\/a> <br><a href=\"https:\/\/contabilidadyfinanzas.unizar.es\/personal\/maria-luisa-esteban-salvador\">COORDINATOR | Dr Mar\u00eda Luisa Esteban<\/a><\/figcaption><\/figure>\n\n\n\n<p><\/p>\n<\/div>\n\n\n\n<div class=\"wp-container-3 wp-block-column\">\n<figure class=\"wp-block-image size-full\"><img loading=\"lazy\" width=\"165\" height=\"107\" src=\"https:\/\/gesport.unizar.es\/wp-content\/uploads\/2021\/04\/5.png\" alt=\"\" class=\"wp-image-5577\" srcset=\"https:\/\/gesport.unizar.es\/wp-content\/uploads\/2021\/04\/5.png 165w, https:\/\/gesport.unizar.es\/wp-content\/uploads\/2021\/04\/5-24x16.png 24w, https:\/\/gesport.unizar.es\/wp-content\/uploads\/2021\/04\/5-36x23.png 36w, https:\/\/gesport.unizar.es\/wp-content\/uploads\/2021\/04\/5-48x31.png 48w\" sizes=\"(max-width: 165px) 100vw, 165px\" \/><figcaption><a href=\"https:\/\/www.unite.it\/UniTE\/\" target=\"_blank\" rel=\"noreferrer noopener\"><strong>Universit\u00e1 degli studi diTeramo | Italy<\/strong><\/a><br><a href=\"https:\/\/www.unite.it\/UniTE\/Engine\/RAServePG.php\/P\/58651UTE0641?VRIC_provenienza=5858&amp;rifm=1UTE0441&amp;VRIC_ID=2549&amp;VRIC_AA=2017&amp;VRIC_IDOC=431&amp;VRIC_Facolta=&amp;VRIC_anno=&amp;VRIC_cds=-&amp;VRIC_tipo=&amp;VRIC_curr=&amp;VRIC_doc=Di%20Cimbrini&amp;VRIC_ins=&amp;SELAA=2017&amp;SELANNO=1&amp;SELTCDS=U&amp;SELCDS=86&amp;SELCOMP=2&amp;SELCORSO=2549&amp;SELDOC=431#A2\">PARTNER | Dr Tiziana Di Cimbrini<\/a><\/figcaption><\/figure>\n<\/div>\n<\/div>\n\n\n\n<div class=\"wp-container-8 wp-block-columns\">\n<div class=\"wp-container-5 wp-block-column\">\n<figure class=\"wp-block-image size-full\"><img loading=\"lazy\" width=\"292\" height=\"107\" src=\"https:\/\/gesport.unizar.es\/wp-content\/uploads\/2021\/04\/4.png\" alt=\"\" class=\"wp-image-5576\" srcset=\"https:\/\/gesport.unizar.es\/wp-content\/uploads\/2021\/04\/4.png 292w, https:\/\/gesport.unizar.es\/wp-content\/uploads\/2021\/04\/4-24x9.png 24w, https:\/\/gesport.unizar.es\/wp-content\/uploads\/2021\/04\/4-36x13.png 36w, https:\/\/gesport.unizar.es\/wp-content\/uploads\/2021\/04\/4-48x18.png 48w\" sizes=\"(max-width: 292px) 100vw, 292px\" \/><figcaption><a href=\"http:\/\/www.sakarya.edu.tr\/\" target=\"_blank\" rel=\"noreferrer noopener\"><strong>Sakarya Universitesi | Turkey<\/strong><\/a><br><a href=\"http:\/\/www.ggungor.sakarya.edu.tr\/\">PARTNER | Dr Gonca G\u00fcng\u00f6r G\u00f6ksu<\/a><\/figcaption><\/figure>\n<\/div>\n\n\n\n<div class=\"wp-container-6 wp-block-column\">\n<figure class=\"wp-block-image size-full\"><img loading=\"lazy\" width=\"308\" height=\"107\" src=\"https:\/\/gesport.unizar.es\/wp-content\/uploads\/2021\/04\/3.png\" alt=\"\" class=\"wp-image-5575\" srcset=\"https:\/\/gesport.unizar.es\/wp-content\/uploads\/2021\/04\/3.png 308w, https:\/\/gesport.unizar.es\/wp-content\/uploads\/2021\/04\/3-300x104.png 300w, https:\/\/gesport.unizar.es\/wp-content\/uploads\/2021\/04\/3-24x8.png 24w, https:\/\/gesport.unizar.es\/wp-content\/uploads\/2021\/04\/3-36x13.png 36w, https:\/\/gesport.unizar.es\/wp-content\/uploads\/2021\/04\/3-48x17.png 48w\" sizes=\"(max-width: 308px) 100vw, 308px\" \/><figcaption><a href=\"https:\/\/le.ac.uk\/school-of-business\/people\/academic-staff\"><strong>University of Leicester | U.K.<\/strong><br>PARTNER |  Dr Charlotte Smith <\/a><\/figcaption><\/figure>\n<\/div>\n\n\n\n<div class=\"wp-container-7 wp-block-column\">\n<figure class=\"wp-block-image size-full\"><img loading=\"lazy\" width=\"150\" height=\"107\" src=\"https:\/\/gesport.unizar.es\/wp-content\/uploads\/2021\/04\/1.png\" alt=\"\" class=\"wp-image-5573\" srcset=\"https:\/\/gesport.unizar.es\/wp-content\/uploads\/2021\/04\/1.png 150w, https:\/\/gesport.unizar.es\/wp-content\/uploads\/2021\/04\/1-24x17.png 24w, https:\/\/gesport.unizar.es\/wp-content\/uploads\/2021\/04\/1-36x26.png 36w, https:\/\/gesport.unizar.es\/wp-content\/uploads\/2021\/04\/1-48x34.png 48w\" sizes=\"(max-width: 150px) 100vw, 150px\" \/><figcaption><strong><a href=\"https:\/\/www.uminho.pt\/PT\" target=\"_blank\" rel=\"noreferrer noopener\">Universidade do Minho | Portugal<\/a><br><\/strong><a href=\"https:\/\/gesport.unizar.es\/\">PARTNER | Dr Emilia Fernandes<\/a><\/figcaption><\/figure>\n<\/div>\n<\/div>\n\n\n\n<h1 class=\"has-text-align-center\"><mark style=\"background-color:rgba(0, 0, 0, 0);color:#1ea300\" class=\"has-inline-color\">Galer\u00eda<\/mark><\/h1>\n\n\n\n<figure class=\"wp-container-10 wp-block-gallery-9 wp-block-gallery has-nested-images columns-default is-cropped\">\n<figure class=\"wp-block-image size-large\"><img loading=\"lazy\" width=\"650\" height=\"434\" data-id=\"215\"  src=\"https:\/\/gesport.unizar.es\/wp-content\/uploads\/2018\/07\/discussing-logos-exhibition-issues-2.jpg\" alt=\"\" class=\"wp-image-215\" srcset=\"https:\/\/gesport.unizar.es\/wp-content\/uploads\/2018\/07\/discussing-logos-exhibition-issues-2.jpg 650w, https:\/\/gesport.unizar.es\/wp-content\/uploads\/2018\/07\/discussing-logos-exhibition-issues-2-300x200.jpg 300w\" sizes=\"(max-width: 650px) 100vw, 650px\" \/><\/figure>\n\n\n\n<figure class=\"wp-block-image size-large\"><img loading=\"lazy\" width=\"650\" height=\"434\" data-id=\"249\"  src=\"https:\/\/gesport.unizar.es\/wp-content\/uploads\/2018\/07\/press-release.jpg\" alt=\"\" class=\"wp-image-249\" srcset=\"https:\/\/gesport.unizar.es\/wp-content\/uploads\/2018\/07\/press-release.jpg 650w, https:\/\/gesport.unizar.es\/wp-content\/uploads\/2018\/07\/press-release-300x200.jpg 300w\" sizes=\"(max-width: 650px) 100vw, 650px\" \/><\/figure>\n\n\n\n<figure class=\"wp-block-image size-large\"><img loading=\"lazy\" width=\"650\" height=\"434\" data-id=\"231\"  src=\"https:\/\/gesport.unizar.es\/wp-content\/uploads\/2018\/07\/Gesport-goup-kick-off-meeting.jpg\" alt=\"\" class=\"wp-image-231\" srcset=\"https:\/\/gesport.unizar.es\/wp-content\/uploads\/2018\/07\/Gesport-goup-kick-off-meeting.jpg 650w, https:\/\/gesport.unizar.es\/wp-content\/uploads\/2018\/07\/Gesport-goup-kick-off-meeting-300x200.jpg 300w\" sizes=\"(max-width: 650px) 100vw, 650px\" \/><\/figure>\n\n\n\n<figure class=\"wp-block-image size-large\"><img loading=\"lazy\" width=\"650\" height=\"434\" data-id=\"253\"  src=\"https:\/\/gesport.unizar.es\/wp-content\/uploads\/2018\/07\/Gesport-team-in-the-vicerrectorate.jpg\" alt=\"\" class=\"wp-image-253\" srcset=\"https:\/\/gesport.unizar.es\/wp-content\/uploads\/2018\/07\/Gesport-team-in-the-vicerrectorate.jpg 650w, https:\/\/gesport.unizar.es\/wp-content\/uploads\/2018\/07\/Gesport-team-in-the-vicerrectorate-300x200.jpg 300w\" sizes=\"(max-width: 650px) 100vw, 650px\" \/><\/figure>\n\n\n\n<figure class=\"wp-block-image size-large\"><img loading=\"lazy\" width=\"1024\" height=\"681\" data-id=\"727\"  src=\"https:\/\/gesport.unizar.es\/wp-content\/uploads\/2018\/11\/thumb25-1024x681.jpg\" alt=\"\" class=\"wp-image-727\" srcset=\"https:\/\/gesport.unizar.es\/wp-content\/uploads\/2018\/11\/thumb25-1024x681.jpg 1024w, https:\/\/gesport.unizar.es\/wp-content\/uploads\/2018\/11\/thumb25-300x200.jpg 300w, https:\/\/gesport.unizar.es\/wp-content\/uploads\/2018\/11\/thumb25-768x511.jpg 768w, https:\/\/gesport.unizar.es\/wp-content\/uploads\/2018\/11\/thumb25.jpg 1623w\" sizes=\"(max-width: 1024px) 100vw, 1024px\" \/><\/figure>\n\n\n\n<figure class=\"wp-block-image size-large\"><img loading=\"lazy\" width=\"1024\" height=\"768\" data-id=\"3017\"  src=\"https:\/\/gesport.unizar.es\/wp-content\/uploads\/2019\/07\/20190709_115919-2-1024x768.jpg\" alt=\"\" class=\"wp-image-3017\" srcset=\"https:\/\/gesport.unizar.es\/wp-content\/uploads\/2019\/07\/20190709_115919-2-1024x768.jpg 1024w, https:\/\/gesport.unizar.es\/wp-content\/uploads\/2019\/07\/20190709_115919-2-300x225.jpg 300w, https:\/\/gesport.unizar.es\/wp-content\/uploads\/2019\/07\/20190709_115919-2-768x576.jpg 768w\" sizes=\"(max-width: 1024px) 100vw, 1024px\" \/><\/figure>\n<\/figure>\n\n\n\n<hr class=\"wp-block-separator has-css-opacity\"\/>\n\n\n\n<h1 class=\"has-text-align-center\"><mark style=\"background-color:rgba(0, 0, 0, 0);color:#d2c91b\" class=\"has-inline-color\">N\u00famero de proyectos<\/mark><\/h1>\n\n\n\n<div class=\"wp-container-19 wp-block-columns\">\n<div class=\"wp-container-14 wp-block-column\">\n<div class=\"wp-container-13 wp-block-columns\">\n<div class=\"wp-container-11 wp-block-column\">\n<h2 class=\"has-text-align-center\"><strong>5<\/strong><\/h2>\n\n\n\n<h2 class=\"has-text-align-center\">Universidades<\/h2>\n<\/div>\n\n\n\n<div class=\"wp-container-12 wp-block-column\">\n<h2 class=\"has-text-align-center\"><strong>1<\/strong><\/h2>\n\n\n\n<h2 class=\"has-text-align-center\">Proyecto<\/h2>\n<\/div>\n<\/div>\n<\/div>\n\n\n\n<div class=\"wp-container-18 wp-block-column\">\n<div class=\"wp-container-17 wp-block-columns\">\n<div class=\"wp-container-15 wp-block-column\">\n<h2 class=\"has-text-align-center\"><strong>5<\/strong><\/h2>\n\n\n\n<h2 class=\"has-text-align-center\">Idiomas<\/h2>\n<\/div>\n\n\n\n<div class=\"wp-container-16 wp-block-column\">\n<h2 class=\"has-text-align-center\"><strong>5<\/strong><\/h2>\n\n\n\n<h2 class=\"has-text-align-center\">Pa\u00edses<\/h2>\n<\/div>\n<\/div>\n<\/div>\n<\/div>\n\n\n\n<hr class=\"wp-block-separator has-css-opacity\"\/>\n\n\n\n<h1 class=\"has-text-align-center\"><strong><span style=\"color:#a35400\" class=\"has-inline-color\">Contacto<\/span><\/strong><\/h1>\n\n\n\n<div class=\"wp-block-contact-form-7-contact-form-selector\"><div role=\"form\" class=\"wpcf7\" id=\"wpcf7-f2542-o1\" lang=\"en-US\" dir=\"ltr\">\n<div class=\"screen-reader-response\"><p role=\"status\" aria-live=\"polite\" aria-atomic=\"true\"><\/p> <ul><\/ul><\/div>\n<form action=\"\/es\/wp-json\/wp\/v2\/pages\/17#wpcf7-f2542-o1\" method=\"post\" class=\"wpcf7-form init\" novalidate=\"novalidate\" data-status=\"init\">\n<div style=\"display: none;\">\n<input type=\"hidden\" name=\"_wpcf7\" value=\"2542\" \/>\n<input type=\"hidden\" name=\"_wpcf7_version\" value=\"5.6.3\" \/>\n<input type=\"hidden\" name=\"_wpcf7_locale\" value=\"en_US\" \/>\n<input type=\"hidden\" name=\"_wpcf7_unit_tag\" value=\"wpcf7-f2542-o1\" \/>\n<input type=\"hidden\" name=\"_wpcf7_container_post\" value=\"0\" \/>\n<input type=\"hidden\" name=\"_wpcf7_posted_data_hash\" value=\"\" \/>\n<\/div>\n<p><span class=\"wpcf7-form-control-wrap\" data-name=\"your-name\"><input type=\"text\" name=\"your-name\" value=\"\" size=\"40\" class=\"wpcf7-form-control wpcf7-text wpcf7-validates-as-required\" aria-required=\"true\" aria-invalid=\"false\" placeholder=\"Name\" \/><\/span><\/p>\n<p><span class=\"wpcf7-form-control-wrap\" data-name=\"your-email\"><input type=\"email\" name=\"your-email\" value=\"\" size=\"40\" class=\"wpcf7-form-control wpcf7-text wpcf7-email wpcf7-validates-as-required wpcf7-validates-as-email\" aria-required=\"true\" aria-invalid=\"false\" placeholder=\"Email\" \/><\/span><\/p>\n<p><span class=\"wpcf7-form-control-wrap\" data-name=\"your-message\"><textarea name=\"your-message\" cols=\"40\" rows=\"10\" class=\"wpcf7-form-control wpcf7-textarea\" aria-invalid=\"false\" placeholder=\"Message\"><\/textarea><\/span><\/p>\n<p><input type=\"submit\" value=\"Post\" class=\"wpcf7-form-control has-spinner wpcf7-submit\" \/><\/p>\n<div class=\"wpcf7-response-output\" aria-hidden=\"true\"><\/div><\/form><\/div><\/div>\n","protected":false},"excerpt":{"rendered":"<p>El apoyo de la Comisi\u00f3n Europea para la producci\u00f3n de esta publicaci\u00f3n no constituye una aprobaci\u00f3n del contenido, el cual refleja \u00fanicamente las opiniones de los autores, y la Comisi\u00f3n no se hace responsable del uso que pueda hacerse de la informaci\u00f3n contenida en la misma. EL GOBIERNO CORPORATIVO EN LAS ORGANIZACIONES DEPORTIVAS: UN ENFOQUE &hellip;<\/p>\n<p class=\"read-more\"> <a class=\"\" href=\"https:\/\/gesport.unizar.es\/es\/\"> <span class=\"screen-reader-text\">ERASMUS+<\/span> Leer m\u00e1s &raquo;<\/a><\/p>\n","protected":false},"author":3,"featured_media":0,"parent":0,"menu_order":0,"comment_status":"closed","ping_status":"closed","template":"","meta":{"site-sidebar-layout":"default","site-content-layout":"default","ast-global-header-display":"","ast-main-header-display":"","ast-hfb-above-header-display":"","ast-hfb-below-header-display":"","ast-hfb-mobile-header-display":"","site-post-title":"","ast-breadcrumbs-content":"","ast-featured-img":"","footer-sml-layout":"","theme-transparent-header-meta":"default","adv-header-id-meta":"","stick-header-meta":"","header-above-stick-meta":"","header-main-stick-meta":"","header-below-stick-meta":""},"translation":{"provider":"WPGlobus","version":"2.10.4","language":"es","enabled_languages":["gb","es","tr","it","pt"],"languages":{"gb":{"title":true,"content":true,"excerpt":false},"es":{"title":true,"content":true,"excerpt":false},"tr":{"title":true,"content":true,"excerpt":false},"it":{"title":true,"content":true,"excerpt":false},"pt":{"title":true,"content":true,"excerpt":false}}},"yoast_head":"<!-- This site is optimized with the Yoast SEO plugin v19.7.1 - https:\/\/yoast.com\/wordpress\/plugins\/seo\/ -->\n<title>ERASMUS+                            - GESPORT+ educa<\/title>\n<meta name=\"robots\" content=\"index, follow, max-snippet:-1, max-image-preview:large, max-video-preview:-1\" \/>\n<link rel=\"canonical\" href=\"https:\/\/gesport.unizar.es\/\" \/>\n<meta property=\"og:locale\" content=\"es_ES\" \/>\n<meta property=\"og:type\" content=\"article\" \/>\n<meta property=\"og:title\" content=\"ERASMUS+                            - GESPORT+ educa\" \/>\n<meta property=\"og:url\" content=\"https:\/\/gesport.unizar.es\/\" \/>\n<meta property=\"og:site_name\" content=\"GESPORT+ educa\" \/>\n<meta property=\"article:modified_time\" content=\"2025-04-09T15:57:54+00:00\" \/>\n<meta property=\"og:image\" content=\"https:\/\/gesport.unizar.es\/wp-content\/uploads\/2022\/09\/5Libros.jpg\" \/>\n<meta name=\"twitter:card\" content=\"summary_large_image\" \/>\n<meta name=\"twitter:label1\" content=\"Tiempo de lectura\" \/>\n\t<meta name=\"twitter:data1\" content=\"4 minutos\" \/>\n<script type=\"application\/ld+json\" class=\"yoast-schema-graph\">{\"@context\":\"https:\/\/schema.org\",\"@graph\":[{\"@type\":\"WebPage\",\"@id\":\"https:\/\/gesport.unizar.es\/\",\"url\":\"https:\/\/gesport.unizar.es\/\",\"name\":\"ERASMUS+ - GESPORT+ educa\",\"isPartOf\":{\"@id\":\"https:\/\/gesport.unizar.es\/#website\"},\"datePublished\":\"2018-05-08T15:56:17+00:00\",\"dateModified\":\"2025-04-09T15:57:54+00:00\",\"breadcrumb\":{\"@id\":\"https:\/\/gesport.unizar.es\/#breadcrumb\"},\"inLanguage\":\"es\",\"potentialAction\":[{\"@type\":\"ReadAction\",\"target\":[\"https:\/\/gesport.unizar.es\/\"]}]},{\"@type\":\"BreadcrumbList\",\"@id\":\"https:\/\/gesport.unizar.es\/#breadcrumb\",\"itemListElement\":[{\"@type\":\"ListItem\",\"position\":1,\"name\":\"Portada\",\"item\":\"https:\/\/gesport.unizar.es\/\"},{\"@type\":\"ListItem\",\"position\":2,\"name\":\"ERASMUS+\"}]},{\"@type\":\"WebSite\",\"@id\":\"https:\/\/gesport.unizar.es\/#website\",\"url\":\"https:\/\/gesport.unizar.es\/\",\"name\":\"GESPORT+\",\"description\":\"GESPORT+ project website. GESPORT+ project seeks to strengthen equality between men and women in decision- making spaces in sports organizations such as the board of directors. \",\"publisher\":{\"@id\":\"https:\/\/gesport.unizar.es\/#organization\"},\"potentialAction\":[{\"@type\":\"SearchAction\",\"target\":{\"@type\":\"EntryPoint\",\"urlTemplate\":\"https:\/\/gesport.unizar.es\/?s={search_term_string}\"},\"query-input\":\"required name=search_term_string\"}],\"inLanguage\":\"es\"},{\"@type\":\"Organization\",\"@id\":\"https:\/\/gesport.unizar.es\/#organization\",\"name\":\"GESPORT Erasmus+\",\"url\":\"https:\/\/gesport.unizar.es\/\",\"sameAs\":[],\"logo\":{\"@type\":\"ImageObject\",\"inLanguage\":\"es\",\"@id\":\"https:\/\/gesport.unizar.es\/#\/schema\/logo\/image\/\",\"url\":\"http:\/\/gesport.unizar.es\/wp-content\/uploads\/2018\/12\/4.jpg\",\"contentUrl\":\"http:\/\/gesport.unizar.es\/wp-content\/uploads\/2018\/12\/4.jpg\",\"width\":400,\"height\":400,\"caption\":\"GESPORT Erasmus+\"},\"image\":{\"@id\":\"https:\/\/gesport.unizar.es\/#\/schema\/logo\/image\/\"}}]}<\/script>\n<!-- \/ Yoast SEO plugin. -->","yoast_head_json":{"title":"ERASMUS+                            - GESPORT+ educa","robots":{"index":"index","follow":"follow","max-snippet":"max-snippet:-1","max-image-preview":"max-image-preview:large","max-video-preview":"max-video-preview:-1"},"canonical":"https:\/\/gesport.unizar.es\/","og_locale":"es_ES","og_type":"article","og_title":"ERASMUS+                            - GESPORT+ educa","og_url":"https:\/\/gesport.unizar.es\/","og_site_name":"GESPORT+ educa","article_modified_time":"2025-04-09T15:57:54+00:00","og_image":[{"url":"https:\/\/gesport.unizar.es\/wp-content\/uploads\/2022\/09\/5Libros.jpg"}],"twitter_card":"summary_large_image","twitter_misc":{"Tiempo de lectura":"4 minutos"},"schema":{"@context":"https:\/\/schema.org","@graph":[{"@type":"WebPage","@id":"https:\/\/gesport.unizar.es\/","url":"https:\/\/gesport.unizar.es\/","name":"ERASMUS+ - GESPORT+ educa","isPartOf":{"@id":"https:\/\/gesport.unizar.es\/#website"},"datePublished":"2018-05-08T15:56:17+00:00","dateModified":"2025-04-09T15:57:54+00:00","breadcrumb":{"@id":"https:\/\/gesport.unizar.es\/#breadcrumb"},"inLanguage":"es","potentialAction":[{"@type":"ReadAction","target":["https:\/\/gesport.unizar.es\/"]}]},{"@type":"BreadcrumbList","@id":"https:\/\/gesport.unizar.es\/#breadcrumb","itemListElement":[{"@type":"ListItem","position":1,"name":"Portada","item":"https:\/\/gesport.unizar.es\/"},{"@type":"ListItem","position":2,"name":"ERASMUS+"}]},{"@type":"WebSite","@id":"https:\/\/gesport.unizar.es\/#website","url":"https:\/\/gesport.unizar.es\/","name":"GESPORT+","description":"GESPORT+ project website. GESPORT+ project seeks to strengthen equality between men and women in decision- making spaces in sports organizations such as the board of directors. ","publisher":{"@id":"https:\/\/gesport.unizar.es\/#organization"},"potentialAction":[{"@type":"SearchAction","target":{"@type":"EntryPoint","urlTemplate":"https:\/\/gesport.unizar.es\/?s={search_term_string}"},"query-input":"required name=search_term_string"}],"inLanguage":"es"},{"@type":"Organization","@id":"https:\/\/gesport.unizar.es\/#organization","name":"GESPORT Erasmus+","url":"https:\/\/gesport.unizar.es\/","sameAs":[],"logo":{"@type":"ImageObject","inLanguage":"es","@id":"https:\/\/gesport.unizar.es\/#\/schema\/logo\/image\/","url":"http:\/\/gesport.unizar.es\/wp-content\/uploads\/2018\/12\/4.jpg","contentUrl":"http:\/\/gesport.unizar.es\/wp-content\/uploads\/2018\/12\/4.jpg","width":400,"height":400,"caption":"GESPORT Erasmus+"},"image":{"@id":"https:\/\/gesport.unizar.es\/#\/schema\/logo\/image\/"}}]}},"_links":{"self":[{"href":"https:\/\/gesport.unizar.es\/es\/wp-json\/wp\/v2\/pages\/17"}],"collection":[{"href":"https:\/\/gesport.unizar.es\/es\/wp-json\/wp\/v2\/pages"}],"about":[{"href":"https:\/\/gesport.unizar.es\/es\/wp-json\/wp\/v2\/types\/page"}],"author":[{"embeddable":true,"href":"https:\/\/gesport.unizar.es\/es\/wp-json\/wp\/v2\/users\/3"}],"replies":[{"embeddable":true,"href":"https:\/\/gesport.unizar.es\/es\/wp-json\/wp\/v2\/comments?post=17"}],"version-history":[{"count":135,"href":"https:\/\/gesport.unizar.es\/es\/wp-json\/wp\/v2\/pages\/17\/revisions"}],"predecessor-version":[{"id":11000,"href":"https:\/\/gesport.unizar.es\/es\/wp-json\/wp\/v2\/pages\/17\/revisions\/11000"}],"wp:attachment":[{"href":"https:\/\/gesport.unizar.es\/es\/wp-json\/wp\/v2\/media?parent=17"}],"curies":[{"name":"wp","href":"https:\/\/api.w.org\/{rel}","templated":true}]}}